{"id":101,"date":"2017-05-29T17:07:22","date_gmt":"2017-05-29T15:07:22","guid":{"rendered":"http:\/\/www.grezner.nhely.hu\/?page_id=101"},"modified":"2025-04-05T07:50:17","modified_gmt":"2025-04-05T05:50:17","slug":"keszsegfejlesztok","status":"publish","type":"page","link":"https:\/\/www.vakisk.hu\/?page_id=101","title":{"rendered":"K\u00e9szs\u00e9gfejleszt\u0151 Iskola"},"content":{"rendered":"\t\t<div data-elementor-type=\"wp-page\" data-elementor-id=\"101\" class=\"elementor elementor-101\">\n\t\t\t\t\t\t<section class=\"elementor-section elementor-top-section elementor-element elementor-element-39a1443 elementor-section-boxed elementor-section-height-default elementor-section-height-default\" data-id=\"39a1443\" data-element_type=\"section\" data-e-type=\"section\">\n\t\t\t\t\t\t<div class=\"elementor-container elementor-column-gap-default\">\n\t\t\t\t\t<div class=\"elementor-column elementor-col-100 elementor-top-column elementor-element elementor-element-fd79258\" data-id=\"fd79258\" data-element_type=\"column\" data-e-type=\"column\">\n\t\t\t<div class=\"elementor-widget-wrap elementor-element-populated\">\n\t\t\t\t\t\t<div class=\"elementor-element elementor-element-ae98642 elementor-widget elementor-widget-text-editor\" data-id=\"ae98642\" data-element_type=\"widget\" data-e-type=\"widget\" data-widget_type=\"text-editor.default\">\n\t\t\t\t<div class=\"elementor-widget-container\">\n\t\t\t\t\t\t\t\t\t<p class=\"has-text-align-right\"><strong>\u2013 min\u00e9l \u00f6n\u00e1ll\u00f3bban, min\u00e9l jobban, min\u00e9l t\u00f6bbet<\/strong><\/p>\n<p><!-- \/wp:paragraph --><!-- wp:paragraph --><\/p>\n<p>Iskol\u00e1nk els\u0151dleges feladata a feln\u0151tt \u00e9letre val\u00f3 felk\u00e9sz\u00edt\u00e9s<\/p>\t\t\t\t\t\t\t\t<\/div>\n\t\t\t\t<\/div>\n\t\t\t\t\t<\/div>\n\t\t<\/div>\n\t\t\t\t\t<\/div>\n\t\t<\/section>\n\t\t\t\t<section class=\"elementor-section elementor-top-section elementor-element elementor-element-d777c4a elementor-section-boxed elementor-section-height-default elementor-section-height-default\" data-id=\"d777c4a\" data-element_type=\"section\" data-e-type=\"section\">\n\t\t\t\t\t\t<div class=\"elementor-container elementor-column-gap-default\">\n\t\t\t\t\t<div class=\"elementor-column elementor-col-100 elementor-top-column elementor-element elementor-element-06d8ea0\" data-id=\"06d8ea0\" data-element_type=\"column\" data-e-type=\"column\">\n\t\t\t<div class=\"elementor-widget-wrap elementor-element-populated\">\n\t\t\t\t\t\t<div class=\"elementor-element elementor-element-c83e76f elementor-icon-list--layout-traditional elementor-list-item-link-full_width elementor-widget elementor-widget-icon-list\" data-id=\"c83e76f\" data-element_type=\"widget\" data-e-type=\"widget\" data-widget_type=\"icon-list.default\">\n\t\t\t\t<div class=\"elementor-widget-container\">\n\t\t\t\t\t\t\t<ul class=\"elementor-icon-list-items\">\n\t\t\t\t\t\t\t<li class=\"elementor-icon-list-item\">\n\t\t\t\t\t\t\t\t\t\t\t<span class=\"elementor-icon-list-icon\">\n\t\t\t\t\t\t\t<i aria-hidden=\"true\" class=\"fas fa-hand-point-right\"><\/i>\t\t\t\t\t\t<\/span>\n\t\t\t\t\t\t\t\t\t\t<span class=\"elementor-icon-list-text\">egyr\u00e9szt az \u00f6nkiszolg\u00e1l\u00e1s, \u00f6n\u00e1ll\u00f3s\u00e1g, k\u00e9szs\u00e9gfejleszt\u00e9s ter\u00fclet\u00e9n,<\/span>\n\t\t\t\t\t\t\t\t\t<\/li>\n\t\t\t\t\t\t\t\t<li class=\"elementor-icon-list-item\">\n\t\t\t\t\t\t\t\t\t\t\t<span class=\"elementor-icon-list-icon\">\n\t\t\t\t\t\t\t<i aria-hidden=\"true\" class=\"fas fa-hand-point-right\"><\/i>\t\t\t\t\t\t<\/span>\n\t\t\t\t\t\t\t\t\t\t<span class=\"elementor-icon-list-text\">m\u00e1sr\u00e9szt pedig a munk\u00e1ra felk\u00e9sz\u00edt\u00e9s, konkr\u00e9t munkafolyamatok betan\u00edt\u00e1sa (k\u00f6t\u00f6tts\u00e9gek, szab\u00e1lyok elsaj\u00e1t\u00edt\u00e1sa) sor\u00e1n.<\/span>\n\t\t\t\t\t\t\t\t\t<\/li>\n\t\t\t\t\t\t<\/ul>\n\t\t\t\t\t\t<\/div>\n\t\t\t\t<\/div>\n\t\t\t\t\t<\/div>\n\t\t<\/div>\n\t\t\t\t\t<\/div>\n\t\t<\/section>\n\t\t\t\t<section class=\"elementor-section elementor-top-section elementor-element elementor-element-960aa72 elementor-section-boxed elementor-section-height-default elementor-section-height-default\" data-id=\"960aa72\" data-element_type=\"section\" data-e-type=\"section\">\n\t\t\t\t\t\t<div class=\"elementor-container elementor-column-gap-default\">\n\t\t\t\t\t<div class=\"elementor-column elementor-col-100 elementor-top-column elementor-element elementor-element-58d63fd\" data-id=\"58d63fd\" data-element_type=\"column\" data-e-type=\"column\">\n\t\t\t<div class=\"elementor-widget-wrap elementor-element-populated\">\n\t\t\t\t\t\t<div class=\"elementor-element elementor-element-5afb36b elementor-widget elementor-widget-text-editor\" data-id=\"5afb36b\" data-element_type=\"widget\" data-e-type=\"widget\" data-widget_type=\"text-editor.default\">\n\t\t\t\t<div class=\"elementor-widget-container\">\n\t\t\t\t\t\t\t\t\t<p>Vagyis a fiatalok fokozottabb \u00f6n\u00e1ll\u00f3s\u00e1g\u00e1nak el\u00e9r\u00e9se mind az \u00f6nkiszolg\u00e1l\u00e1sban, mind munkatev\u00e9kenys\u00e9gekben, mind pedig a d\u00f6nt\u00e9si helyzetekben.<\/p>\n<p><!-- \/wp:paragraph --><!-- wp:paragraph --><\/p>\n<p><strong>Iskol\u00e1nk az eg\u00e9sz orsz\u00e1g ter\u00fclet\u00e9r\u0151l fogad halmozottan s\u00e9r\u00fclt fiatalokat<\/strong>, akikn\u00e9l a l\u00e1t\u00e1ss\u00e9r\u00fcl\u00e9s \u00e9s \u00e9rtelmi s\u00e9r\u00fcl\u00e9s mell\u00e9 sok esetben t\u00e1rsulnak m\u00e9g egy\u00e9b fogyat\u00e9koss\u00e1gok vagy pszich\u00e9s, illetve pszichi\u00e1triai zavarok \u00e9s\/vagy autisztikus t\u00fcnetek, esetleg autizmus, valamint k\u00fcl\u00f6nf\u00e9le magatart\u00e1si- \u00e9s viselked\u00e9szavarok. Mindez speci\u00e1lis eszk\u00f6zt\u00e1rat \u00e9s m\u00f3dszereket k\u00edv\u00e1n meg a tan\u00edt\u00e1sban.<\/p>\n<p><!-- \/wp:paragraph --><!-- wp:paragraph --><\/p>\n<p>A d\u00e9lel\u0151tt folyam\u00e1n a <em>k\u00f6zismereti tant\u00e1rgyak <\/em>(szocializ\u00e1ci\u00f3, \u00f6nismeretfejleszt\u00e9s, \u00f6n\u00e1ll\u00f3s\u00e1gra nevel\u00e9s, feln\u0151tt szerepek \u00e9s d\u00f6nt\u00e9si helyzetek tanul\u00e1sa, alapvet\u0151 inform\u00e1ci\u00f3k interioriz\u00e1l\u00e1sa, szakmai alapoz\u00e1s, asztali munkatev\u00e9kenys\u00e9gek, informatikai eszk\u00f6z\u00f6k haszn\u00e1lata) \u00e9s \u00fan. <em>gyakorlati modulok <\/em>(sz\u00f6v\u00f6tt-t\u00e1rgy k\u00e9sz\u00edt\u00e9s, nemezel\u00e9s \u00e9s agyagt\u00e1rgy-k\u00e9sz\u00edt\u00e9s) oktat\u00e1sa zajlik.<\/p>\n<p><!-- \/wp:paragraph --><!-- wp:paragraph --><\/p>\n<p>A d\u00e9lel\u0151tti tan\u00f3r\u00e1k \u00e9s a d\u00e9lut\u00e1ni foglalkoz\u00e1sok sor\u00e1n k\u00fcl\u00f6n\u00f6s hangs\u00falyt kap:<\/p>\t\t\t\t\t\t\t\t<\/div>\n\t\t\t\t<\/div>\n\t\t\t\t\t<\/div>\n\t\t<\/div>\n\t\t\t\t\t<\/div>\n\t\t<\/section>\n\t\t\t\t<section class=\"elementor-section elementor-top-section elementor-element elementor-element-41255da elementor-section-boxed elementor-section-height-default elementor-section-height-default\" data-id=\"41255da\" data-element_type=\"section\" data-e-type=\"section\">\n\t\t\t\t\t\t<div class=\"elementor-container elementor-column-gap-default\">\n\t\t\t\t\t<div class=\"elementor-column elementor-col-100 elementor-top-column elementor-element elementor-element-02f5206\" data-id=\"02f5206\" data-element_type=\"column\" data-e-type=\"column\">\n\t\t\t<div class=\"elementor-widget-wrap elementor-element-populated\">\n\t\t\t\t\t\t<div class=\"elementor-element elementor-element-f2f0b61 elementor-icon-list--layout-traditional elementor-list-item-link-full_width elementor-widget elementor-widget-icon-list\" data-id=\"f2f0b61\" data-element_type=\"widget\" data-e-type=\"widget\" data-widget_type=\"icon-list.default\">\n\t\t\t\t<div class=\"elementor-widget-container\">\n\t\t\t\t\t\t\t<ul class=\"elementor-icon-list-items\">\n\t\t\t\t\t\t\t<li class=\"elementor-icon-list-item\">\n\t\t\t\t\t\t\t\t\t\t\t<span class=\"elementor-icon-list-icon\">\n\t\t\t\t\t\t\t<i aria-hidden=\"true\" class=\"fas fa-hand-point-right\"><\/i>\t\t\t\t\t\t<\/span>\n\t\t\t\t\t\t\t\t\t\t<span class=\"elementor-icon-list-text\">a kommunik\u00e1ci\u00f3s kifejez\u0151k\u00e9szs\u00e9g megseg\u00edt\u00e9se,<\/span>\n\t\t\t\t\t\t\t\t\t<\/li>\n\t\t\t\t\t\t\t\t<li class=\"elementor-icon-list-item\">\n\t\t\t\t\t\t\t\t\t\t\t<span class=\"elementor-icon-list-icon\">\n\t\t\t\t\t\t\t<i aria-hidden=\"true\" class=\"fas fa-hand-point-right\"><\/i>\t\t\t\t\t\t<\/span>\n\t\t\t\t\t\t\t\t\t\t<span class=\"elementor-icon-list-text\">k\u00e9pess\u00e9geikhez m\u00e9rten min\u00e9l nagyobb \u00f6nkiszolg\u00e1l\u00e1sra nevel\u00e9s,<\/span>\n\t\t\t\t\t\t\t\t\t<\/li>\n\t\t\t\t\t\t\t\t<li class=\"elementor-icon-list-item\">\n\t\t\t\t\t\t\t\t\t\t\t<span class=\"elementor-icon-list-icon\">\n\t\t\t\t\t\t\t<i aria-hidden=\"true\" class=\"fas fa-hand-point-right\"><\/i>\t\t\t\t\t\t<\/span>\n\t\t\t\t\t\t\t\t\t\t<span class=\"elementor-icon-list-text\">alapvet\u0151 h\u00e1ztart\u00e1si ismeretek elsaj\u00e1t\u00edt\u00e1sa,<\/span>\n\t\t\t\t\t\t\t\t\t<\/li>\n\t\t\t\t\t\t\t\t<li class=\"elementor-icon-list-item\">\n\t\t\t\t\t\t\t\t\t\t\t<span class=\"elementor-icon-list-icon\">\n\t\t\t\t\t\t\t<i aria-hidden=\"true\" class=\"fas fa-hand-point-right\"><\/i>\t\t\t\t\t\t<\/span>\n\t\t\t\t\t\t\t\t\t\t<span class=\"elementor-icon-list-text\">mozg\u00e1snevel\u00e9s,<\/span>\n\t\t\t\t\t\t\t\t\t<\/li>\n\t\t\t\t\t\t\t\t<li class=\"elementor-icon-list-item\">\n\t\t\t\t\t\t\t\t\t\t\t<span class=\"elementor-icon-list-icon\">\n\t\t\t\t\t\t\t<i aria-hidden=\"true\" class=\"fas fa-hand-point-right\"><\/i>\t\t\t\t\t\t<\/span>\n\t\t\t\t\t\t\t\t\t\t<span class=\"elementor-icon-list-text\">szocializ\u00e1ci\u00f3,<\/span>\n\t\t\t\t\t\t\t\t\t<\/li>\n\t\t\t\t\t\t\t\t<li class=\"elementor-icon-list-item\">\n\t\t\t\t\t\t\t\t\t\t\t<span class=\"elementor-icon-list-icon\">\n\t\t\t\t\t\t\t<i aria-hidden=\"true\" class=\"fas fa-hand-point-right\"><\/i>\t\t\t\t\t\t<\/span>\n\t\t\t\t\t\t\t\t\t\t<span class=\"elementor-icon-list-text\">szenzoros \u00e9s manipul\u00e1ci\u00f3s k\u00e9szs\u00e9gfejleszt\u00e9s.<\/span>\n\t\t\t\t\t\t\t\t\t<\/li>\n\t\t\t\t\t\t<\/ul>\n\t\t\t\t\t\t<\/div>\n\t\t\t\t<\/div>\n\t\t\t\t\t<\/div>\n\t\t<\/div>\n\t\t\t\t\t<\/div>\n\t\t<\/section>\n\t\t\t\t<section class=\"elementor-section elementor-top-section elementor-element elementor-element-f6c57aa elementor-section-boxed elementor-section-height-default elementor-section-height-default\" data-id=\"f6c57aa\" data-element_type=\"section\" data-e-type=\"section\">\n\t\t\t\t\t\t<div class=\"elementor-container elementor-column-gap-default\">\n\t\t\t\t\t<div class=\"elementor-column elementor-col-100 elementor-top-column elementor-element elementor-element-8d24df2\" data-id=\"8d24df2\" data-element_type=\"column\" data-e-type=\"column\">\n\t\t\t<div class=\"elementor-widget-wrap elementor-element-populated\">\n\t\t\t\t\t\t<div class=\"elementor-element elementor-element-1da0cec elementor-widget elementor-widget-text-editor\" data-id=\"1da0cec\" data-element_type=\"widget\" data-e-type=\"widget\" data-widget_type=\"text-editor.default\">\n\t\t\t\t<div class=\"elementor-widget-container\">\n\t\t\t\t\t\t\t\t\t<p>Az 5-6 f\u0151s oszt\u00e1lyokkal a gy\u00f3gypedag\u00f3gus oszt\u00e1lyf\u0151n\u00f6k, a gy\u00f3gypedag\u00f3giai asszisztens, d\u00e9lut\u00e1n pedig a nevel\u0151tan\u00e1r foglalkozik. A gyakorlati oktat\u00e1st a szakoktat\u00f3k, m\u00edg a mozg\u00e1sfejleszt\u00e9st a testnevel\u0151 tan\u00e1r v\u00e9gzi. Sz\u00fcks\u00e9g szerint s\u00e9r\u00fcl\u00e9sspecifikus foglalkoz\u00e1sokon (t\u00e1j\u00e9koz\u00f3d\u00e1s \u00e9s k\u00f6zleked\u00e9s tan\u00edt\u00e1sa, logop\u00e9dia, gy\u00f3gytorna) is r\u00e9szt vesznek a di\u00e1kok.<\/p>\n<p><!-- \/wp:paragraph --><!-- wp:paragraph --><\/p>\n<p>Int\u00e9zm\u00e9nyegys\u00e9g\u00fcnk f\u0151 c\u00e9lkit\u0171z\u00e9se:<\/p>\t\t\t\t\t\t\t\t<\/div>\n\t\t\t\t<\/div>\n\t\t\t\t\t<\/div>\n\t\t<\/div>\n\t\t\t\t\t<\/div>\n\t\t<\/section>\n\t\t\t\t<section class=\"elementor-section elementor-top-section elementor-element elementor-element-c03bfc9 elementor-section-boxed elementor-section-height-default elementor-section-height-default\" data-id=\"c03bfc9\" data-element_type=\"section\" data-e-type=\"section\">\n\t\t\t\t\t\t<div class=\"elementor-container elementor-column-gap-default\">\n\t\t\t\t\t<div class=\"elementor-column elementor-col-100 elementor-top-column elementor-element elementor-element-e357cf3\" data-id=\"e357cf3\" data-element_type=\"column\" data-e-type=\"column\">\n\t\t\t<div class=\"elementor-widget-wrap elementor-element-populated\">\n\t\t\t\t\t\t<div class=\"elementor-element elementor-element-5027b5f elementor-icon-list--layout-traditional elementor-list-item-link-full_width elementor-widget elementor-widget-icon-list\" data-id=\"5027b5f\" data-element_type=\"widget\" data-e-type=\"widget\" data-widget_type=\"icon-list.default\">\n\t\t\t\t<div class=\"elementor-widget-container\">\n\t\t\t\t\t\t\t<ul class=\"elementor-icon-list-items\">\n\t\t\t\t\t\t\t<li class=\"elementor-icon-list-item\">\n\t\t\t\t\t\t\t\t\t\t\t<span class=\"elementor-icon-list-icon\">\n\t\t\t\t\t\t\t<i aria-hidden=\"true\" class=\"fas fa-hand-point-right\"><\/i>\t\t\t\t\t\t<\/span>\n\t\t\t\t\t\t\t\t\t\t<span class=\"elementor-icon-list-text\">min\u00e9l nagyobb \u00f6n\u00e1ll\u00f3s\u00e1g el\u00e9r\u00e9se a mindennapi \u00e9letben,<\/span>\n\t\t\t\t\t\t\t\t\t<\/li>\n\t\t\t\t\t\t\t\t<li class=\"elementor-icon-list-item\">\n\t\t\t\t\t\t\t\t\t\t\t<span class=\"elementor-icon-list-icon\">\n\t\t\t\t\t\t\t<i aria-hidden=\"true\" class=\"fas fa-hand-point-right\"><\/i>\t\t\t\t\t\t<\/span>\n\t\t\t\t\t\t\t\t\t\t<span class=\"elementor-icon-list-text\">tanul\u00f3ink k\u00e9pess\u00e9geikhez m\u00e9rten min\u00e9l \u00f6n\u00e1ll\u00f3bban bekapcsol\u00f3djanak a munkafolyamatokba (a legegyszer\u0171bb r\u00e9szfeladatokt\u00f3l\/cselekedtet\u00e9st\u0151l a bonyolultabb, \u00f6sszetett munkatev\u00e9kenys\u00e9gekig),<\/span>\n\t\t\t\t\t\t\t\t\t<\/li>\n\t\t\t\t\t\t\t\t<li class=\"elementor-icon-list-item\">\n\t\t\t\t\t\t\t\t\t\t\t<span class=\"elementor-icon-list-icon\">\n\t\t\t\t\t\t\t<i aria-hidden=\"true\" class=\"fas fa-hand-point-right\"><\/i>\t\t\t\t\t\t<\/span>\n\t\t\t\t\t\t\t\t\t\t<span class=\"elementor-icon-list-text\">a k\u00fcl\u00f6nb\u00f6z\u0151 munkatev\u00e9kenys\u00e9gek, r\u00e9sztev\u00e9kenys\u00e9gek betan\u00edt\u00e1s\u00e1val \u00e9s a munk\u00e1ra felk\u00e9sz\u00edt\u00e9ssel a feln\u0151ttkori elhelyez\u00e9si (elhelyezked\u00e9si) lehet\u0151s\u00e9gek es\u00e9lyeinek n\u00f6vel\u00e9se.<\/span>\n\t\t\t\t\t\t\t\t\t<\/li>\n\t\t\t\t\t\t<\/ul>\n\t\t\t\t\t\t<\/div>\n\t\t\t\t<\/div>\n\t\t\t\t\t<\/div>\n\t\t<\/div>\n\t\t\t\t\t<\/div>\n\t\t<\/section>\n\t\t\t\t<section class=\"elementor-section elementor-top-section elementor-element elementor-element-f3a0f82 elementor-section-boxed elementor-section-height-default elementor-section-height-default\" data-id=\"f3a0f82\" data-element_type=\"section\" data-e-type=\"section\">\n\t\t\t\t\t\t<div class=\"elementor-container elementor-column-gap-default\">\n\t\t\t\t\t<div class=\"elementor-column elementor-col-100 elementor-top-column elementor-element elementor-element-927a0c0\" data-id=\"927a0c0\" data-element_type=\"column\" data-e-type=\"column\">\n\t\t\t<div class=\"elementor-widget-wrap elementor-element-populated\">\n\t\t\t\t\t\t<div class=\"elementor-element elementor-element-b37d725 elementor-widget elementor-widget-text-editor\" data-id=\"b37d725\" data-element_type=\"widget\" data-e-type=\"widget\" data-widget_type=\"text-editor.default\">\n\t\t\t\t<div class=\"elementor-widget-container\">\n\t\t\t\t\t\t\t\t\t<p>Tagint\u00e9zm\u00e9ny\u00fcnkben \u2013 a legt\u00f6bb k\u00f6z\u00e9piskol\u00e1hoz hasonl\u00f3an \u2013 tartunk szalagavat\u00f3t, \u00e9v v\u00e9g\u00e9n pedig elballagnak v\u00e9gz\u0151s di\u00e1kjaink. Ezeken az \u00fcnnepeken tanul\u00f3ink \u00e9s koll\u00e9g\u00e1ink egy\u00fctt k\u00e9sz\u00fclnek \u00e9s l\u00e9pnek \u201esz\u00ednpadra\u201d; verssel, zen\u00e9vel, hangszerrel.<\/p>\n<p><!-- \/wp:paragraph --><!-- wp:paragraph --><\/p>\n<p>Di\u00e1kjaink \u00e9let\u00e9ben alapvet\u0151 szerepet t\u00f6ltenek be a ritu\u00e1l\u00e9k \u00e9s hagyom\u00e1nyok, amelyek seg\u00edtik fiataljaink sz\u0171kebb \u00e9s t\u00e1gabb k\u00f6rnyezetben val\u00f3 id\u0151beli \u00e9s t\u00e9rbeli t\u00e1j\u00e9koz\u00f3d\u00e1s\u00e1t (pl. rendszeresen tartott \u201ezened\u00e9lut\u00e1nok\u201d, \u00e9vszakokhoz k\u00f6thet\u0151 akad\u00e1lyversenyek).<\/p>\n<p><!-- \/wp:paragraph --><!-- wp:paragraph --><\/p>\n<p>A K\u00e9szs\u00e9gfejleszt\u0151 Iskola tanul\u00f3ink \u00e9let\u00e9ben a k\u00f6znevel\u00e9s utols\u00f3 \u00e1llom\u00e1sa, az utols\u00f3 n\u00e9gy \u00e9v, amit az iskola v\u00e9dett falai k\u00f6z\u00f6tt t\u00f6ltenek, mintegy hidat k\u00e9pezve egyr\u00e9szt az \u00e1ltal\u00e1nos iskola \u00e9s a munka vil\u00e1ga, m\u00e1sr\u00e9szt pedig a gyermekkor \u00e9s a feln\u0151ttkor k\u00f6z\u00f6tt. Igyeksz\u00fcnk ezt a n\u00e9gy \u00e9vet mindannyiuk sz\u00e1m\u00e1ra \u00e9rdekes \u00e9s hasznos inform\u00e1ci\u00f3k \u00e1tad\u00e1s\u00e1val, min\u00e9l nagyobb \u00f6n\u00e1ll\u00f3sod\u00e1ssal, siker\u00e9lm\u00e9nyekkel \u00e9s szeretettel megt\u00f6lteni.<\/p>\t\t\t\t\t\t\t\t<\/div>\n\t\t\t\t<\/div>\n\t\t\t\t\t<\/div>\n\t\t<\/div>\n\t\t\t\t\t<\/div>\n\t\t<\/section>\n\t\t\t\t<section class=\"elementor-section elementor-top-section elementor-element elementor-element-f138914 elementor-section-boxed elementor-section-height-default elementor-section-height-default\" data-id=\"f138914\" data-element_type=\"section\" data-e-type=\"section\">\n\t\t\t\t\t\t<div class=\"elementor-container elementor-column-gap-default\">\n\t\t\t\t\t<div class=\"elementor-column elementor-col-100 elementor-top-column elementor-element elementor-element-1ea93b3\" data-id=\"1ea93b3\" data-element_type=\"column\" data-e-type=\"column\">\n\t\t\t<div class=\"elementor-widget-wrap elementor-element-populated\">\n\t\t\t\t\t\t<div class=\"elementor-element elementor-element-8c032f3 elementor-widget elementor-widget-text-editor\" data-id=\"8c032f3\" data-element_type=\"widget\" data-e-type=\"widget\" data-widget_type=\"text-editor.default\">\n\t\t\t\t<div class=\"elementor-widget-container\">\n\t\t\t\t\t\t\t\t\t<p style=\"text-align: right;\"><strong>V\u00c9GE\u00a0\u00a0 <br \/><\/strong><\/p>\t\t\t\t\t\t\t\t<\/div>\n\t\t\t\t<\/div>\n\t\t\t\t\t<\/div>\n\t\t<\/div>\n\t\t\t\t\t<\/div>\n\t\t<\/section>\n\t\t\t\t<\/div>\n\t\t","protected":false},"excerpt":{"rendered":"<p> <a class=\"continue-reading-link\" href=\"https:\/\/www.vakisk.hu\/?page_id=101\">Tov\u00e1bb <span class=\"meta-nav\">&rarr; <\/span><\/a><\/p>\n","protected":false},"author":1,"featured_media":0,"parent":0,"menu_order":0,"comment_status":"closed","ping_status":"closed","template":"","meta":{"footnotes":""},"class_list":["post-101","page","type-page","status-publish","hentry"],"_links":{"self":[{"href":"https:\/\/www.vakisk.hu\/index.php?rest_route=\/wp\/v2\/pages\/101","targetHints":{"allow":["GET"]}}],"collection":[{"href":"https:\/\/www.vakisk.hu\/index.php?rest_route=\/wp\/v2\/pages"}],"about":[{"href":"https:\/\/www.vakisk.hu\/index.php?rest_route=\/wp\/v2\/types\/page"}],"author":[{"embeddable":true,"href":"https:\/\/www.vakisk.hu\/index.php?rest_route=\/wp\/v2\/users\/1"}],"replies":[{"embeddable":true,"href":"https:\/\/www.vakisk.hu\/index.php?rest_route=%2Fwp%2Fv2%2Fcomments&post=101"}],"version-history":[{"count":0,"href":"https:\/\/www.vakisk.hu\/index.php?rest_route=\/wp\/v2\/pages\/101\/revisions"}],"wp:attachment":[{"href":"https:\/\/www.vakisk.hu\/index.php?rest_route=%2Fwp%2Fv2%2Fmedia&parent=101"}],"curies":[{"name":"wp","href":"https:\/\/api.w.org\/{rel}","templated":true}]}}