{"id":105,"date":"2017-05-29T17:07:49","date_gmt":"2017-05-29T15:07:49","guid":{"rendered":"http:\/\/www.grezner.nhely.hu\/?page_id=105"},"modified":"2025-04-05T07:50:32","modified_gmt":"2025-04-05T05:50:32","slug":"kollegium","status":"publish","type":"page","link":"https:\/\/www.vakisk.hu\/?page_id=105","title":{"rendered":"Koll\u00e9gium"},"content":{"rendered":"\t\t<div data-elementor-type=\"wp-page\" data-elementor-id=\"105\" class=\"elementor elementor-105\">\n\t\t\t\t\t\t<section class=\"elementor-section elementor-top-section elementor-element elementor-element-51fc19c elementor-section-boxed elementor-section-height-default elementor-section-height-default\" data-id=\"51fc19c\" data-element_type=\"section\" data-e-type=\"section\">\n\t\t\t\t\t\t<div class=\"elementor-container elementor-column-gap-default\">\n\t\t\t\t\t<div class=\"elementor-column elementor-col-100 elementor-top-column elementor-element elementor-element-664a666\" data-id=\"664a666\" data-element_type=\"column\" data-e-type=\"column\">\n\t\t\t<div class=\"elementor-widget-wrap elementor-element-populated\">\n\t\t\t\t\t\t<div class=\"elementor-element elementor-element-f3742fb elementor-widget elementor-widget-text-editor\" data-id=\"f3742fb\" data-element_type=\"widget\" data-e-type=\"widget\" data-widget_type=\"text-editor.default\">\n\t\t\t\t<div class=\"elementor-widget-container\">\n\t\t\t\t\t\t\t\t\t<p>A vak gyermekek jelent\u0151s r\u00e9sz\u00e9nek gy\u00f3gypedag\u00f3giai iskol\u00e1ztat\u00e1sa \u2013 mivel int\u00e9zm\u00e9ny\u00fcnkbe az orsz\u00e1g eg\u00e9sz ter\u00fclet\u00e9r\u0151l j\u00f6nnek tanul\u00f3k \u2013 csak az iskol\u00e1hoz tartoz\u00f3 koll\u00e9giumi elhelyez\u00e9ssel val\u00f3s\u00edthat\u00f3 meg.<\/p><p>A koll\u00e9giumban tanul\u00f3k bens\u0151s\u00e9ges l\u00e9gk\u00f6r\u0171, eg\u00e9szs\u00e9ges, kultur\u00e1lt k\u00f6rnyezetben tanulhatnak, sz\u00f3rakozhatnak, pihenhetnek.<\/p><p>A di\u00e1kok harmonikus \u00e9s eg\u00e9szs\u00e9ges fejl\u0151d\u00e9s\u00e9t, tanul\u00e1s\u00e1t, az \u00f6n\u00e1ll\u00f3 \u00e9letre val\u00f3 felk\u00e9sz\u00fcl\u00e9s\u00e9t gy\u00f3gypedag\u00f3gus koll\u00e9g\u00e1k seg\u00edtik.<\/p><p>A koll\u00e9giumi csoportok az iskola\u00e9p\u00fclet m\u00e1sodik \u00e9s harmadik emelet\u00e9n tal\u00e1lhat\u00f3k.<\/p><p>A tanul\u00f3k nemenk\u00e9nt, s koroszt\u00e1ly szerinti csoportokban vannak elhelyezve (\u00e1tlagosan 15-18 f\u0151).<\/p><p>A csoportokhoz 4-6-8 \u00e1gyas h\u00e1l\u00f3k, egy t\u00e1rsalg\u00f3 \u00e9s k\u00e9t mosd\u00f3 helyis\u00e9g tartozik.<\/p><p>A koll\u00e9giumban lak\u00f3 gyerekek vacsora ut\u00e1n rendez\u0151dnek csoportokba, melyekben a k\u00f6vetkez\u0151 napig, a tan\u00edt\u00e1s kezdet\u00e9ig \u00e9lik k\u00f6z\u00f6ss\u00e9gi \u00e9let\u00fcket.<\/p><p>A h\u00e9tv\u00e9geken s a tan\u00edt\u00e1s n\u00e9lk\u00fcli napokon szint\u00e9n ezen csoportokban foglalkoztatjuk a bent maradt gyerekeket.<\/p><p>Az itt foly\u00f3 gondoz\u00e1si, nevel\u00e9si feladatokat nagyr\u00e9szt a gyermekfel\u00fcgyel\u0151k v\u00e9gzik, a h\u00e9tv\u00e9gi szabadid\u0151s foglalkoz\u00e1sokat a tanul\u00f3k ig\u00e9nye szerint, nevel\u0151tan\u00e1rokkal k\u00f6z\u00f6sen megtervezve bonyol\u00edtj\u00e1k.<\/p><p>A tanul\u00f3inknak a d\u00e9lut\u00e1ni \u00f3r\u00e1kban \u00e9s a h\u00e9tv\u00e9geken rendelkez\u00e9s\u00e9re \u00e1ll az int\u00e9zm\u00e9ny uszod\u00e1ja, tornaterme, sz\u00e1m\u00edt\u00e1stechnikai laborat\u00f3riuma \u00e9s k\u00f6z\u00f6s kultur\u00e1lis rendezv\u00e9nyekre az iskola d\u00edszterme.<\/p>\t\t\t\t\t\t\t\t<\/div>\n\t\t\t\t<\/div>\n\t\t\t\t\t<\/div>\n\t\t<\/div>\n\t\t\t\t\t<\/div>\n\t\t<\/section>\n\t\t\t\t<section class=\"elementor-section elementor-top-section elementor-element elementor-element-4ce60e7 elementor-section-boxed elementor-section-height-default elementor-section-height-default\" data-id=\"4ce60e7\" data-element_type=\"section\" data-e-type=\"section\">\n\t\t\t\t\t\t<div class=\"elementor-container elementor-column-gap-default\">\n\t\t\t\t\t<div class=\"elementor-column elementor-col-100 elementor-top-column elementor-element elementor-element-f9c5c15\" data-id=\"f9c5c15\" data-element_type=\"column\" data-e-type=\"column\">\n\t\t\t<div class=\"elementor-widget-wrap elementor-element-populated\">\n\t\t\t\t\t\t<div class=\"elementor-element elementor-element-e365206 elementor-widget elementor-widget-heading\" data-id=\"e365206\" data-element_type=\"widget\" data-e-type=\"widget\" data-widget_type=\"heading.default\">\n\t\t\t\t<div class=\"elementor-widget-container\">\n\t\t\t\t\t<h2 class=\"elementor-heading-title elementor-size-default\">Koll\u00e9giumi foglalkoz\u00e1sok<\/h2>\t\t\t\t<\/div>\n\t\t\t\t<\/div>\n\t\t\t\t\t<\/div>\n\t\t<\/div>\n\t\t\t\t\t<\/div>\n\t\t<\/section>\n\t\t\t\t<section class=\"elementor-section elementor-top-section elementor-element elementor-element-310244e elementor-section-boxed elementor-section-height-default elementor-section-height-default\" data-id=\"310244e\" data-element_type=\"section\" data-e-type=\"section\">\n\t\t\t\t\t\t<div class=\"elementor-container elementor-column-gap-default\">\n\t\t\t\t\t<div class=\"elementor-column elementor-col-100 elementor-top-column elementor-element elementor-element-4098cdc\" data-id=\"4098cdc\" data-element_type=\"column\" data-e-type=\"column\">\n\t\t\t<div class=\"elementor-widget-wrap elementor-element-populated\">\n\t\t\t\t\t\t<div class=\"elementor-element elementor-element-9e41c6e elementor-widget elementor-widget-heading\" data-id=\"9e41c6e\" data-element_type=\"widget\" data-e-type=\"widget\" data-widget_type=\"heading.default\">\n\t\t\t\t<div class=\"elementor-widget-container\">\n\t\t\t\t\t<h3 class=\"elementor-heading-title elementor-size-default\">Tanul\u00f3k\u00f6r<\/h3>\t\t\t\t<\/div>\n\t\t\t\t<\/div>\n\t\t\t\t\t<\/div>\n\t\t<\/div>\n\t\t\t\t\t<\/div>\n\t\t<\/section>\n\t\t\t\t<section class=\"elementor-section elementor-top-section elementor-element elementor-element-ebe7655 elementor-section-boxed elementor-section-height-default elementor-section-height-default\" data-id=\"ebe7655\" data-element_type=\"section\" data-e-type=\"section\">\n\t\t\t\t\t\t<div class=\"elementor-container elementor-column-gap-default\">\n\t\t\t\t\t<div class=\"elementor-column elementor-col-100 elementor-top-column elementor-element elementor-element-1b252f8\" data-id=\"1b252f8\" data-element_type=\"column\" data-e-type=\"column\">\n\t\t\t<div class=\"elementor-widget-wrap elementor-element-populated\">\n\t\t\t\t\t\t<div class=\"elementor-element elementor-element-3e58e72 elementor-widget elementor-widget-text-editor\" data-id=\"3e58e72\" data-element_type=\"widget\" data-e-type=\"widget\" data-widget_type=\"text-editor.default\">\n\t\t\t\t<div class=\"elementor-widget-container\">\n\t\t\t\t\t\t\t\t\t<p>Tanul\u00e1st seg\u00edt\u0151 foglalkoz\u00e1s.<\/p><p>A napi felk\u00e9sz\u00fcl\u00e9st szolg\u00e1l\u00f3 tev\u00e9kenys\u00e9g k\u00f6zvetlen tan\u00e1ri ir\u00e1ny\u00edt\u00e1ssal, meghat\u00e1rozott id\u0151keretben \u00e9s a nyugodt felk\u00e9sz\u00fcl\u00e9st biztos\u00edt\u00f3 t\u00e1rgyi k\u00f6rnyezetben t\u00f6rt\u00e9nik csoportos, illetve egy\u00e9ni foglalkoz\u00e1s form\u00e1j\u00e1ban.<\/p><p>Az iskolai munka folytat\u00e1s\u00e1t jelenti, elm\u00e9ly\u00edtve az oktat\u00e1s anyag\u00e1t, a gyeng\u00e9bb tanul\u00f3k felz\u00e1rk\u00f3ztat\u00e1s\u00e1val, a tehets\u00e9gesebb tanul\u00f3k magasabb sz\u00ednvonal\u00fa seg\u00edt\u00e9s\u00e9vel.<\/p><p>A tanul\u00f3kat fokozatosan neveli az \u00f6n\u00e1ll\u00f3 felk\u00e9sz\u00fcl\u00e9sre, ismeretszerz\u00e9sre.<\/p>\t\t\t\t\t\t\t\t<\/div>\n\t\t\t\t<\/div>\n\t\t\t\t\t<\/div>\n\t\t<\/div>\n\t\t\t\t\t<\/div>\n\t\t<\/section>\n\t\t\t\t<section class=\"elementor-section elementor-top-section elementor-element elementor-element-7f7dd39 elementor-section-boxed elementor-section-height-default elementor-section-height-default\" data-id=\"7f7dd39\" data-element_type=\"section\" data-e-type=\"section\">\n\t\t\t\t\t\t<div class=\"elementor-container elementor-column-gap-default\">\n\t\t\t\t\t<div class=\"elementor-column elementor-col-100 elementor-top-column elementor-element elementor-element-1962a04\" data-id=\"1962a04\" data-element_type=\"column\" data-e-type=\"column\">\n\t\t\t<div class=\"elementor-widget-wrap elementor-element-populated\">\n\t\t\t\t\t\t<div class=\"elementor-element elementor-element-e16e22e elementor-widget elementor-widget-heading\" data-id=\"e16e22e\" data-element_type=\"widget\" data-e-type=\"widget\" data-widget_type=\"heading.default\">\n\t\t\t\t<div class=\"elementor-widget-container\">\n\t\t\t\t\t<h3 class=\"elementor-heading-title elementor-size-default\">Szocializ\u00e1ci\u00f3<\/h3>\t\t\t\t<\/div>\n\t\t\t\t<\/div>\n\t\t\t\t\t<\/div>\n\t\t<\/div>\n\t\t\t\t\t<\/div>\n\t\t<\/section>\n\t\t\t\t<section class=\"elementor-section elementor-top-section elementor-element elementor-element-50d9fbc elementor-section-boxed elementor-section-height-default elementor-section-height-default\" data-id=\"50d9fbc\" data-element_type=\"section\" data-e-type=\"section\">\n\t\t\t\t\t\t<div class=\"elementor-container elementor-column-gap-default\">\n\t\t\t\t\t<div class=\"elementor-column elementor-col-100 elementor-top-column elementor-element elementor-element-70ab1cc\" data-id=\"70ab1cc\" data-element_type=\"column\" data-e-type=\"column\">\n\t\t\t<div class=\"elementor-widget-wrap elementor-element-populated\">\n\t\t\t\t\t\t<div class=\"elementor-element elementor-element-98e6145 elementor-widget elementor-widget-text-editor\" data-id=\"98e6145\" data-element_type=\"widget\" data-e-type=\"widget\" data-widget_type=\"text-editor.default\">\n\t\t\t\t<div class=\"elementor-widget-container\">\n\t\t\t\t\t\t\t\t\t<p>A tanul\u00f3kkal val\u00f3 t\u00f6r\u0151d\u00e9st biztos\u00edt\u00f3 foglalkoz\u00e1s. A csoportfoglalkoz\u00e1sok keret\u00e9ben els\u0151sorban a tanul\u00f3csoport \u00e9let\u00e9vel kapcsolatos feladatok, tev\u00e9kenys\u00e9gek megbesz\u00e9l\u00e9se, \u00e9rt\u00e9kel\u00e9se t\u00f6rt\u00e9nik; a foglalkoz\u00e1sokat fel kell haszn\u00e1lni arra, hogy a tanul\u00f3k elsaj\u00e1t\u00edts\u00e1k a mindennapi \u00e9lettel kapcsolatos ismereteket, a szoci\u00e1lis viselked\u00e9s alapvet\u0151 szab\u00e1lyait, a szoci\u00e1lis \u00e9rt\u00e9krendet.<\/p><p>A tanul\u00f3k eg\u00e9szs\u00e9g\u00e9nek v\u00e9delme \u00e9rdek\u00e9ben kapjon hangs\u00falyt a balesetek, a k\u00e1ros szenved\u00e9lyek megel\u0151z\u00e9se.<\/p><p>A szem\u00e9lyes t\u00f6r\u0151d\u00e9st biztos\u00edt\u00f3 foglalkoz\u00e1sok keret\u00e9ben lehet\u0151s\u00e9get kell biztos\u00edtani a tanul\u00f3k sz\u00e1m\u00e1ra, hogy egy\u00e9ni probl\u00e9m\u00e1ikat felt\u00e1rj\u00e1k, \u00e9s ezek megold\u00e1s\u00e1ra a pedag\u00f3gus tan\u00e1csot adjon.<\/p>\t\t\t\t\t\t\t\t<\/div>\n\t\t\t\t<\/div>\n\t\t\t\t\t<\/div>\n\t\t<\/div>\n\t\t\t\t\t<\/div>\n\t\t<\/section>\n\t\t\t\t<section class=\"elementor-section elementor-top-section elementor-element elementor-element-e439215 elementor-section-boxed elementor-section-height-default elementor-section-height-default\" data-id=\"e439215\" data-element_type=\"section\" data-e-type=\"section\">\n\t\t\t\t\t\t<div class=\"elementor-container elementor-column-gap-default\">\n\t\t\t\t\t<div class=\"elementor-column elementor-col-100 elementor-top-column elementor-element elementor-element-ff473d9\" data-id=\"ff473d9\" data-element_type=\"column\" data-e-type=\"column\">\n\t\t\t<div class=\"elementor-widget-wrap elementor-element-populated\">\n\t\t\t\t\t\t<div class=\"elementor-element elementor-element-6dad050 elementor-widget elementor-widget-heading\" data-id=\"6dad050\" data-element_type=\"widget\" data-e-type=\"widget\" data-widget_type=\"heading.default\">\n\t\t\t\t<div class=\"elementor-widget-container\">\n\t\t\t\t\t<h3 class=\"elementor-heading-title elementor-size-default\">Kultur\u00e1lis foglalkoz\u00e1s<\/h3>\t\t\t\t<\/div>\n\t\t\t\t<\/div>\n\t\t\t\t\t<\/div>\n\t\t<\/div>\n\t\t\t\t\t<\/div>\n\t\t<\/section>\n\t\t\t\t<section class=\"elementor-section elementor-top-section elementor-element elementor-element-ee797e8 elementor-section-boxed elementor-section-height-default elementor-section-height-default\" data-id=\"ee797e8\" data-element_type=\"section\" data-e-type=\"section\">\n\t\t\t\t\t\t<div class=\"elementor-container elementor-column-gap-default\">\n\t\t\t\t\t<div class=\"elementor-column elementor-col-100 elementor-top-column elementor-element elementor-element-4640eaa\" data-id=\"4640eaa\" data-element_type=\"column\" data-e-type=\"column\">\n\t\t\t<div class=\"elementor-widget-wrap elementor-element-populated\">\n\t\t\t\t\t\t<div class=\"elementor-element elementor-element-8f8f3fd elementor-widget elementor-widget-text-editor\" data-id=\"8f8f3fd\" data-element_type=\"widget\" data-e-type=\"widget\" data-widget_type=\"text-editor.default\">\n\t\t\t\t<div class=\"elementor-widget-container\">\n\t\t\t\t\t\t\t\t\t<p>A gyermekek irodalmi, k\u00e9pz\u0151m\u0171v\u00e9szeti, zenei nevel\u00e9se el\u0151seg\u00edti, hogy \u00e9rzelmileg gazdagabbakk\u00e1, kiegyens\u00falyozottabbakk\u00e1 v\u00e1ljanak. Ezek a foglalkoz\u00e1sok hozz\u00e1j\u00e1rulnak ahhoz, hogy nagym\u00e9rt\u00e9kben javuljon az \u00edzl\u00e9s\u00fck, ig\u00e9nyess\u00e9g\u00fck \u00f6nmagukkal \u00e9s a k\u00f6rnyezet\u00fckkel szemben.<\/p>\t\t\t\t\t\t\t\t<\/div>\n\t\t\t\t<\/div>\n\t\t\t\t\t<\/div>\n\t\t<\/div>\n\t\t\t\t\t<\/div>\n\t\t<\/section>\n\t\t\t\t<section class=\"elementor-section elementor-top-section elementor-element elementor-element-41806fd elementor-section-boxed elementor-section-height-default elementor-section-height-default\" data-id=\"41806fd\" data-element_type=\"section\" data-e-type=\"section\">\n\t\t\t\t\t\t<div class=\"elementor-container elementor-column-gap-default\">\n\t\t\t\t\t<div class=\"elementor-column elementor-col-100 elementor-top-column elementor-element elementor-element-07573f2\" data-id=\"07573f2\" data-element_type=\"column\" data-e-type=\"column\">\n\t\t\t<div class=\"elementor-widget-wrap elementor-element-populated\">\n\t\t\t\t\t\t<div class=\"elementor-element elementor-element-eaab993 elementor-widget elementor-widget-heading\" data-id=\"eaab993\" data-element_type=\"widget\" data-e-type=\"widget\" data-widget_type=\"heading.default\">\n\t\t\t\t<div class=\"elementor-widget-container\">\n\t\t\t\t\t<h3 class=\"elementor-heading-title elementor-size-default\">A szabadid\u0151s foglalkoz\u00e1sok<\/h3>\t\t\t\t<\/div>\n\t\t\t\t<\/div>\n\t\t\t\t\t<\/div>\n\t\t<\/div>\n\t\t\t\t\t<\/div>\n\t\t<\/section>\n\t\t\t\t<section class=\"elementor-section elementor-top-section elementor-element elementor-element-85cfacb elementor-section-boxed elementor-section-height-default elementor-section-height-default\" data-id=\"85cfacb\" data-element_type=\"section\" data-e-type=\"section\">\n\t\t\t\t\t\t<div class=\"elementor-container elementor-column-gap-default\">\n\t\t\t\t\t<div class=\"elementor-column elementor-col-100 elementor-top-column elementor-element elementor-element-8991a65\" data-id=\"8991a65\" data-element_type=\"column\" data-e-type=\"column\">\n\t\t\t<div class=\"elementor-widget-wrap elementor-element-populated\">\n\t\t\t\t\t\t<div class=\"elementor-element elementor-element-a0dce14 elementor-icon-list--layout-traditional elementor-list-item-link-full_width elementor-widget elementor-widget-icon-list\" data-id=\"a0dce14\" data-element_type=\"widget\" data-e-type=\"widget\" data-widget_type=\"icon-list.default\">\n\t\t\t\t<div class=\"elementor-widget-container\">\n\t\t\t\t\t\t\t<ul class=\"elementor-icon-list-items\">\n\t\t\t\t\t\t\t<li class=\"elementor-icon-list-item\">\n\t\t\t\t\t\t\t\t\t\t\t<span class=\"elementor-icon-list-icon\">\n\t\t\t\t\t\t\t<i aria-hidden=\"true\" class=\"fas fa-hand-point-right\"><\/i>\t\t\t\t\t\t<\/span>\n\t\t\t\t\t\t\t\t\t\t<span class=\"elementor-icon-list-text\">a di\u00e1kok \u00e1ltal kezdem\u00e9nyezett szabadid\u0151s programok,<\/span>\n\t\t\t\t\t\t\t\t\t<\/li>\n\t\t\t\t\t\t\t\t<li class=\"elementor-icon-list-item\">\n\t\t\t\t\t\t\t\t\t\t\t<span class=\"elementor-icon-list-icon\">\n\t\t\t\t\t\t\t<i aria-hidden=\"true\" class=\"fas fa-hand-point-right\"><\/i>\t\t\t\t\t\t<\/span>\n\t\t\t\t\t\t\t\t\t\t<span class=\"elementor-icon-list-text\">sportklubok: goal-ball, tor-ball, korcsolya, tandemez\u00e9s,<\/span>\n\t\t\t\t\t\t\t\t\t<\/li>\n\t\t\t\t\t\t\t\t<li class=\"elementor-icon-list-item\">\n\t\t\t\t\t\t\t\t\t\t\t<span class=\"elementor-icon-list-icon\">\n\t\t\t\t\t\t\t<i aria-hidden=\"true\" class=\"fas fa-hand-point-right\"><\/i>\t\t\t\t\t\t<\/span>\n\t\t\t\t\t\t\t\t\t\t<span class=\"elementor-icon-list-text\">szakk\u00f6r\u00f6k: t\u00e1nc, dr\u00e1ma, ker\u00e1mia, gy\u00f6ngyf\u0171z\u00e9s,<\/span>\n\t\t\t\t\t\t\t\t\t<\/li>\n\t\t\t\t\t\t\t\t<li class=\"elementor-icon-list-item\">\n\t\t\t\t\t\t\t\t\t\t\t<span class=\"elementor-icon-list-icon\">\n\t\t\t\t\t\t\t<i aria-hidden=\"true\" class=\"fas fa-hand-point-right\"><\/i>\t\t\t\t\t\t<\/span>\n\t\t\t\t\t\t\t\t\t\t<span class=\"elementor-icon-list-text\">k\u00fcls\u0151 helysz\u00edn\u0171 rendezv\u00e9nyek: m\u00fazeum, mozi, sz\u00ednh\u00e1z, hangverseny,<\/span>\n\t\t\t\t\t\t\t\t\t<\/li>\n\t\t\t\t\t\t\t\t<li class=\"elementor-icon-list-item\">\n\t\t\t\t\t\t\t\t\t\t\t<span class=\"elementor-icon-list-icon\">\n\t\t\t\t\t\t\t<i aria-hidden=\"true\" class=\"fas fa-hand-point-right\"><\/i>\t\t\t\t\t\t<\/span>\n\t\t\t\t\t\t\t\t\t\t<span class=\"elementor-icon-list-text\">kir\u00e1ndul\u00e1sok, ker\u00e9kp\u00e1r t\u00far\u00e1k,<\/span>\n\t\t\t\t\t\t\t\t\t<\/li>\n\t\t\t\t\t\t\t\t<li class=\"elementor-icon-list-item\">\n\t\t\t\t\t\t\t\t\t\t\t<span class=\"elementor-icon-list-icon\">\n\t\t\t\t\t\t\t<i aria-hidden=\"true\" class=\"fas fa-hand-point-right\"><\/i>\t\t\t\t\t\t<\/span>\n\t\t\t\t\t\t\t\t\t\t<span class=\"elementor-icon-list-text\">ny\u00e1ri t\u00e1borok.<\/span>\n\t\t\t\t\t\t\t\t\t<\/li>\n\t\t\t\t\t\t<\/ul>\n\t\t\t\t\t\t<\/div>\n\t\t\t\t<\/div>\n\t\t\t\t\t<\/div>\n\t\t<\/div>\n\t\t\t\t\t<\/div>\n\t\t<\/section>\n\t\t\t\t<section class=\"elementor-section elementor-top-section elementor-element elementor-element-575c42c elementor-section-boxed elementor-section-height-default elementor-section-height-default\" data-id=\"575c42c\" data-element_type=\"section\" data-e-type=\"section\">\n\t\t\t\t\t\t<div class=\"elementor-container elementor-column-gap-default\">\n\t\t\t\t\t<div class=\"elementor-column elementor-col-100 elementor-top-column elementor-element elementor-element-d66aa75\" data-id=\"d66aa75\" data-element_type=\"column\" data-e-type=\"column\">\n\t\t\t<div class=\"elementor-widget-wrap elementor-element-populated\">\n\t\t\t\t\t\t<div class=\"elementor-element elementor-element-d114304 elementor-widget elementor-widget-text-editor\" data-id=\"d114304\" data-element_type=\"widget\" data-e-type=\"widget\" data-widget_type=\"text-editor.default\">\n\t\t\t\t<div class=\"elementor-widget-container\">\n\t\t\t\t\t\t\t\t\t<p>Minden \u00e9vben megrendez\u00e9sre ker\u00fcl\u0151 programjaink: Ki mit tud, Szaval\u00f3verseny, L\u00e1nyok napja, Fi\u00fak napja, Farsang, Gyermeknap.<\/p><p>A szabadid\u0151 hasznos elt\u00f6lt\u00e9s\u00e9t c\u00e9lz\u00f3 foglalkoz\u00e1sokon meghat\u00e1roz\u00f3 szerepet kap az eg\u00e9szs\u00e9ges- \u00e9s kultur\u00e1lt \u00e9letm\u00f3dra nevel\u00e9s, az \u00f6nkiszolg\u00e1l\u00f3 k\u00e9pess\u00e9gek fejleszt\u00e9se, a di\u00e1ksport, a term\u00e9szeti k\u00f6rnyezet meg\u00f3v\u00e1sa, \u00e1pol\u00e1sa.<\/p><p>A k\u00e9szs\u00e9gfejleszt\u0151 foglalkoz\u00e1sokon a pedag\u00f3gus speci\u00e1lis j\u00e1t\u00e9kokkal fejleszti a tanul\u00f3k mozg\u00e1s\u00e1t, hall\u00e1s\u00e1t, mem\u00f3ri\u00e1j\u00e1t, tapint\u00e1s\u00e1t \u00e9s k\u00e9z\u00fcgyess\u00e9g\u00e9t.<\/p><p>A ny\u00e1ri t\u00e1borok szervez\u00e9se, lebonyol\u00edt\u00e1sa f\u0151leg a nevel\u0151tan\u00e1rok mindenkori feladata. Nyaranta 5-6 t\u00e1bor k\u00f6z\u00fcl v\u00e1laszthatnak az \u00e9rdekl\u0151d\u0151 tanul\u00f3k.<\/p><p>Hagyom\u00e1nyos t\u00e1boraink a dunakiliti t\u00e1bor, \u2013 itt a Szigetk\u00f6zben kenuz\u00e1s \u00e9s ker\u00e9kp\u00e1roz\u00e1s a kiemelt tev\u00e9kenys\u00e9g \u2013 s a soltvadkerti t\u00e1bor, itt a ker\u00fclet iskol\u00e1ival k\u00f6z\u00f6s programokon vehetnek r\u00e9szt a jelentkez\u0151k.<\/p><p>A ny\u00e1ri t\u00e1borok alkalm\u00e1val az intenz\u00edv \u00e9s hossz\u00fa ideig tart\u00f3 szabadid\u0151s, sport programok a legoptim\u00e1lisabb terepet biztos\u00edtj\u00e1k a gyermekek testi-, lelki fejleszt\u00e9se szempontj\u00e1b\u00f3l.<\/p>\t\t\t\t\t\t\t\t<\/div>\n\t\t\t\t<\/div>\n\t\t\t\t\t<\/div>\n\t\t<\/div>\n\t\t\t\t\t<\/div>\n\t\t<\/section>\n\t\t\t\t<section class=\"elementor-section elementor-top-section elementor-element elementor-element-4e30219 elementor-section-boxed elementor-section-height-default elementor-section-height-default\" data-id=\"4e30219\" data-element_type=\"section\" data-e-type=\"section\">\n\t\t\t\t\t\t<div class=\"elementor-container elementor-column-gap-default\">\n\t\t\t\t\t<div class=\"elementor-column elementor-col-100 elementor-top-column elementor-element elementor-element-c4a1905\" data-id=\"c4a1905\" data-element_type=\"column\" data-e-type=\"column\">\n\t\t\t<div class=\"elementor-widget-wrap elementor-element-populated\">\n\t\t\t\t\t\t<div class=\"elementor-element elementor-element-25e3fbf elementor-widget elementor-widget-text-editor\" data-id=\"25e3fbf\" data-element_type=\"widget\" data-e-type=\"widget\" data-widget_type=\"text-editor.default\">\n\t\t\t\t<div class=\"elementor-widget-container\">\n\t\t\t\t\t\t\t\t\t<p style=\"text-align: right;\"><strong>V\u00c9GE\u00a0\u00a0 <br \/><\/strong><\/p>\t\t\t\t\t\t\t\t<\/div>\n\t\t\t\t<\/div>\n\t\t\t\t\t<\/div>\n\t\t<\/div>\n\t\t\t\t\t<\/div>\n\t\t<\/section>\n\t\t\t\t<\/div>\n\t\t","protected":false},"excerpt":{"rendered":"<p> <a class=\"continue-reading-link\" href=\"https:\/\/www.vakisk.hu\/?page_id=105\">Tov\u00e1bb <span class=\"meta-nav\">&rarr; <\/span><\/a><\/p>\n","protected":false},"author":1,"featured_media":0,"parent":0,"menu_order":0,"comment_status":"closed","ping_status":"closed","template":"","meta":{"footnotes":""},"class_list":["post-105","page","type-page","status-publish","hentry"],"_links":{"self":[{"href":"https:\/\/www.vakisk.hu\/index.php?rest_route=\/wp\/v2\/pages\/105","targetHints":{"allow":["GET"]}}],"collection":[{"href":"https:\/\/www.vakisk.hu\/index.php?rest_route=\/wp\/v2\/pages"}],"about":[{"href":"https:\/\/www.vakisk.hu\/index.php?rest_route=\/wp\/v2\/types\/page"}],"author":[{"embeddable":true,"href":"https:\/\/www.vakisk.hu\/index.php?rest_route=\/wp\/v2\/users\/1"}],"replies":[{"embeddable":true,"href":"https:\/\/www.vakisk.hu\/index.php?rest_route=%2Fwp%2Fv2%2Fcomments&post=105"}],"version-history":[{"count":0,"href":"https:\/\/www.vakisk.hu\/index.php?rest_route=\/wp\/v2\/pages\/105\/revisions"}],"wp:attachment":[{"href":"https:\/\/www.vakisk.hu\/index.php?rest_route=%2Fwp%2Fv2%2Fmedia&parent=105"}],"curies":[{"name":"wp","href":"https:\/\/api.w.org\/{rel}","templated":true}]}}