{"id":107,"date":"2017-05-29T17:08:03","date_gmt":"2017-05-29T15:08:03","guid":{"rendered":"http:\/\/www.grezner.nhely.hu\/?page_id=107"},"modified":"2025-04-05T07:36:57","modified_gmt":"2025-04-05T05:36:57","slug":"gyermekotthon","status":"publish","type":"page","link":"https:\/\/www.vakisk.hu\/?page_id=107","title":{"rendered":"Gyermekotthon"},"content":{"rendered":"\t\t<div data-elementor-type=\"wp-page\" data-elementor-id=\"107\" class=\"elementor elementor-107\">\n\t\t\t\t\t\t<section class=\"elementor-section elementor-top-section elementor-element elementor-element-3175979 elementor-section-boxed elementor-section-height-default elementor-section-height-default\" data-id=\"3175979\" data-element_type=\"section\" data-e-type=\"section\">\n\t\t\t\t\t\t<div class=\"elementor-container elementor-column-gap-default\">\n\t\t\t\t\t<div class=\"elementor-column elementor-col-100 elementor-top-column elementor-element elementor-element-b114ad6\" data-id=\"b114ad6\" data-element_type=\"column\" data-e-type=\"column\">\n\t\t\t<div class=\"elementor-widget-wrap elementor-element-populated\">\n\t\t\t\t\t\t<div class=\"elementor-element elementor-element-3a58fdf elementor-widget elementor-widget-text-editor\" data-id=\"3a58fdf\" data-element_type=\"widget\" data-e-type=\"widget\" data-widget_type=\"text-editor.default\">\n\t\t\t\t<div class=\"elementor-widget-container\">\n\t\t\t\t\t\t\t\t\t<p>Az int\u00e9zm\u00e9ny sz\u00e9khely\u00e9n \u00e9s a szomsz\u00e9dos telken tal\u00e1lhat\u00f3 Ida utcai telephelyen m\u0171k\u00f6d\u0151 1-1 k\u00fcl\u00f6nleges lak\u00e1sotthon 8-8 f\u0151 befogad\u00e1s\u00e1ra alkalmas. A gyermekotthonban l\u00e1t\u00e1s- \u00e9s halmozottan s\u00e9r\u00fclt gyermek \u00e9s fiatal feln\u0151ttek teljes k\u00f6r\u0171 ell\u00e1t\u00e1s\u00e1t biztos\u00edtjuk. Neveltjeink legt\u00f6bbje a t\u00f6bbc\u00e9l\u00fa int\u00e9zm\u00e9ny speci\u00e1lis nevel\u00e9si-oktat\u00e1si egys\u00e9geiben tanul.<\/p><p>Gondozottjaink Szakmai Programunkban megfogalmazottak szerinti nevel\u00e9s\u00e9t, fejleszt\u00e9s\u00e9t felk\u00e9sz\u00fclt \u00e9s elk\u00f6telezett dolgoz\u00f3ink biztos\u00edtj\u00e1k. Gyermekeink \u00e9let\u00e9t a h\u00e1zirend szab\u00e1lyozza, amely tartalmazza jogaik gyakorl\u00e1s\u00e1nak \u00e9s k\u00f6telezetts\u00e9geik teljes\u00edt\u00e9s\u00e9nek szab\u00e1lyait, valamint a gyermekotthon bels\u0151 \u00e9let\u00e9nek rendj\u00e9t. Kiterjed az ut\u00f3gondoz\u00f3i ell\u00e1t\u00e1s felt\u00e9teleire, a napirendre, a panaszjog \u00e9rv\u00e9nyes\u00edt\u00e9s\u00e9nek m\u00f3dj\u00e1ra, a kapcsolattart\u00e1s rendj\u00e9re, a magatart\u00e1st form\u00e1l\u00f3 jutalmaz\u00f3 rendszerre. Nevel\u0151munk\u00e1nk sor\u00e1n a magatart\u00e1s\u00e1t, tanulm\u00e1nyi \u00e9s egy\u00e9b tev\u00e9kenys\u00e9g\u00e9t folyamatosan \u00e9rt\u00e9kelj\u00fck az \u00e9rt\u00e9kel\u0151-jutalmaz\u00f3 rendszer szab\u00e1lyai szerint.<\/p><p>A lak\u00e1sotthonok k\u00f6z\u00f6s helyis\u00e9gei: nappali, \u00e9tkez\u0151, j\u00e1tsz\u00f3sarok t\u00e1gasak, berendez\u00e9s\u00fck a l\u00e1t\u00e1ss\u00e9r\u00fcl\u00e9shez alkalmazkodva a k\u00f6nnyebb t\u00e1j\u00e9koz\u00f3d\u00e1st seg\u00edti. A koeduk\u00e1lt otthon kultur\u00e1lt, csal\u00e1dias k\u00f6rnyezetet biztos\u00edt. A gyerekek napi \u00e9letvitel\u00e9hez, ell\u00e1t\u00e1s\u00e1hoz \u00e9s fejleszt\u00e9s\u00e9hez az \u00e1llapotuknak megfelel\u0151 eszk\u00f6z\u00f6k sz\u00e9les k\u00f6re biztos\u00edtott. A nagyobbak saj\u00e1t sz\u00e1m\u00edt\u00f3g\u00e9ppel, internetes hozz\u00e1f\u00e9r\u00e9ssel rendelkeznek.<\/p><p>Nagy gondot ford\u00edtunk az egy\u00e9ni \u00e9lett\u00e9r kialak\u00edt\u00e1s\u00e1ra is. Minden gyermek k\u00fcl\u00f6n szekr\u00e9nnyel rendelkezik, hogy szem\u00e9lyes t\u00e1rgyait elk\u00fcl\u00f6n\u00edtve t\u00e1rolhassa.\u00a0 Biztos\u00edt\u00e9ka ennek az egy, k\u00e9t, illetve h\u00e1rom\u00e1gyas szob\u00e1k \u00e1ltal ny\u00fajtott lehet\u0151s\u00e9g. Nevel\u00e9s\u00fcnk alapelve, hogy a gyermekhez val\u00f3 viszonyban domin\u00e1ljon a szem\u00e9lyk\u00f6zpont\u00fas\u00e1g, a tolerancia \u00e9s az emp\u00e1tia. Az otthonoss\u00e1g megteremt\u00e9s\u00e9nek k\u00fcls\u0151- \u00e9s bels\u0151 t\u00e9nyez\u0151it a gyerekekkel egy\u00fctt alak\u00edtjuk (szobarendez\u00e9s, d\u00edsz\u00edt\u00e9s, programok, egym\u00e1s seg\u00edt\u00e9se, a m\u00e1sik meghallgat\u00e1sa, k\u00f6z\u00f6s j\u00e1t\u00e9k, felolvas\u00e1s).<\/p><p>A k\u00f6z\u00f6ss\u00e9gi nevel\u00e9s els\u0151dleges szinterei a heti csoport-megbesz\u00e9l\u00e9sek. Gyermekotthonunk heterog\u00e9n \u00f6sszet\u00e9tele (\u00e9letkor, \u00e9rtelmi k\u00e9pess\u00e9gek) miatt a di\u00e1kok m\u00e1r kezdett\u0151l megszokt\u00e1k \u00e9s elfogadt\u00e1k az egy\u00e9ni k\u00fcl\u00f6nb\u00f6z\u0151s\u00e9gek alapj\u00e1n val\u00f3 b\u00e1n\u00e1sm\u00f3dot is. A gyermekotthon lehet\u0151s\u00e9get biztos\u00edt a megl\u00e9v\u0151 csal\u00e1di kapcsolatok \u00e1pol\u00e1s\u00e1ra. T\u00e1mogatja a fiatalok hazal\u00e1togat\u00e1s\u00e1t, illetve a csal\u00e1dtagoknak \u00e9s bar\u00e1toknak a gyermekotthonban t\u00f6rt\u00e9n\u0151 l\u00e1togat\u00e1s\u00e1t mindaddig, m\u00edg a gyermekek \u00e9lm\u00e9nybesz\u00e1mol\u00f3i, \u00e9s viselked\u00e9s\u00fck alapj\u00e1n ez kiegyens\u00falyozottnak, harmonikusnak t\u0171nik. A sz\u00fclet\u00e9s-, \u00e9s n\u00e9vnapok, a kar\u00e1csonyi k\u00f6z\u00f6s \u00fcnnepl\u00e9sek, a gyermekotthoni nyaral\u00e1sokon \u00e1t\u00e9lt \u00e9lm\u00e9nyek \u00f6sszetart\u00f3 ereje felbecs\u00fclhetetlen \u00e9rt\u00e9k\u0171.<\/p><p>A t\u00f6bbc\u00e9l\u00fa int\u00e9zm\u00e9ny infrastrukt\u00far\u00e1ja, pl. tornaterem \u2013 kondicion\u00e1l\u00f3-teremmel kieg\u00e9sz\u00fclve -, uszoda biztos\u00edtja az id\u0151j\u00e1r\u00e1st\u00f3l f\u00fcggetlen sportol\u00e1si lehet\u0151s\u00e9get. Braille k\u00f6nyvt\u00e1ra lehet\u0151s\u00e9get ny\u00fajt az irodalmi alkot\u00e1sok tapinthat\u00f3 \u00faton val\u00f3 olvas\u00e1s\u00e1hoz. A ter\u00e1pi\u00e1s fejleszt\u00e9sek speci\u00e1lis eszk\u00f6z\u00f6kkel felszerelt termekben folynak. A programok a gyermekotthon, vagy k\u00fcls\u0151 int\u00e9zm\u00e9nyek \u00e1ltal szervezett szabadid\u0151s foglalkoz\u00e1sok keret\u00e9ben val\u00f3sulnak meg.\u00a0 A d\u00e9lut\u00e1ni sportk\u00f6r\u00f6k, kultur\u00e1lis \u00e9s k\u00e9szs\u00e9gfejleszt\u0151 szakk\u00f6r\u00f6n k\u00edv\u00fcl pihen\u00e9si, kikapcsol\u00f3d\u00e1si lehet\u0151s\u00e9geket legink\u00e1bb est\u00e9nk\u00e9nt \u00e9s h\u00e9tv\u00e9geken tudunk biztos\u00edtani. A gyerekek rendelkez\u00e9s\u00e9re \u00e1llnak k\u00fcl\u00f6nf\u00e9le t\u00e1rsas j\u00e1t\u00e9kok, CD-k, \u00e9s pont\u00edr\u00e1sos k\u00f6nyvek is.<\/p><p>A kompenz\u00e1l\u00f3 nevel\u00e9s hat\u00e9konys\u00e1g\u00e1t t\u00f6bb ter\u00e1pi\u00e1s lehet\u0151s\u00e9g seg\u00edti, \u00edgy a lovas ter\u00e1pia, zeneter\u00e1pia, mozg\u00e1ster\u00e1pi\u00e1k, gy\u00f3gytestnevel\u00e9s \u00e9s a logop\u00e9dia.<\/p><p>H\u00e9tv\u00e9g\u00e9ken k\u00f6z\u00f6s kir\u00e1ndul\u00e1sokat, ker\u00e9kp\u00e1roz\u00e1st szervez\u00fcnk. A gyerekek heti rendszeress\u00e9ggel \u00fasznak, vagy tornateremi foglalkoz\u00e1sokon sportolnak. Gyakoriak a ki\u00e1ll\u00edt\u00e1s-, sz\u00ednh\u00e1z-, mozi-, \u00e9s koncertl\u00e1togat\u00e1sok is. A rekre\u00e1ci\u00f3 helyi felt\u00e9teleinek biztos\u00edt\u00e1sa a gyermekotthonban \u00e9l\u0151k sz\u00fcks\u00e9gleteinek megfelelnek.<\/p><p>\u00c9vente t\u00f6bbsz\u00f6r vesz\u00fcnk r\u00e9szt kultur\u00e1lis versenyeken, neveltjeink gyakori megh\u00edv\u00e1st kapnak k\u00fcl\u00f6nb\u00f6z\u0151 zenei rendezv\u00e9nyeken t\u00f6rt\u00e9n\u0151 fell\u00e9p\u00e9sekre.<\/p><p>Figyelembe vessz\u00fck az \u00faj \u00e9lm\u00e9nyek, kih\u00edv\u00e1sok, tapasztalatok ir\u00e1nti sz\u00fcks\u00e9gleteket, \u00e9s ennek megfelel\u0151en alak\u00edtjuk a programokat.<\/p>\t\t\t\t\t\t\t\t<\/div>\n\t\t\t\t<\/div>\n\t\t\t\t\t<\/div>\n\t\t<\/div>\n\t\t\t\t\t<\/div>\n\t\t<\/section>\n\t\t\t\t<section class=\"elementor-section elementor-top-section elementor-element elementor-element-fc86147 elementor-section-boxed elementor-section-height-default elementor-section-height-default\" data-id=\"fc86147\" data-element_type=\"section\" data-e-type=\"section\">\n\t\t\t\t\t\t<div class=\"elementor-container elementor-column-gap-default\">\n\t\t\t\t\t<div class=\"elementor-column elementor-col-100 elementor-top-column elementor-element elementor-element-c039b86\" data-id=\"c039b86\" data-element_type=\"column\" data-e-type=\"column\">\n\t\t\t<div class=\"elementor-widget-wrap elementor-element-populated\">\n\t\t\t\t\t\t<div class=\"elementor-element elementor-element-0ba0356 elementor-widget elementor-widget-text-editor\" data-id=\"0ba0356\" data-element_type=\"widget\" data-e-type=\"widget\" data-widget_type=\"text-editor.default\">\n\t\t\t\t<div class=\"elementor-widget-container\">\n\t\t\t\t\t\t\t\t\t<p style=\"text-align: right;\"><strong>V\u00c9GE\u00a0\u00a0 <br \/><\/strong><\/p>\t\t\t\t\t\t\t\t<\/div>\n\t\t\t\t<\/div>\n\t\t\t\t\t<\/div>\n\t\t<\/div>\n\t\t\t\t\t<\/div>\n\t\t<\/section>\n\t\t\t\t<\/div>\n\t\t","protected":false},"excerpt":{"rendered":"<p> <a class=\"continue-reading-link\" href=\"https:\/\/www.vakisk.hu\/?page_id=107\">Tov\u00e1bb <span class=\"meta-nav\">&rarr; <\/span><\/a><\/p>\n","protected":false},"author":1,"featured_media":0,"parent":0,"menu_order":0,"comment_status":"closed","ping_status":"closed","template":"","meta":{"footnotes":""},"class_list":["post-107","page","type-page","status-publish","hentry"],"_links":{"self":[{"href":"https:\/\/www.vakisk.hu\/index.php?rest_route=\/wp\/v2\/pages\/107","targetHints":{"allow":["GET"]}}],"collection":[{"href":"https:\/\/www.vakisk.hu\/index.php?rest_route=\/wp\/v2\/pages"}],"about":[{"href":"https:\/\/www.vakisk.hu\/index.php?rest_route=\/wp\/v2\/types\/page"}],"author":[{"embeddable":true,"href":"https:\/\/www.vakisk.hu\/index.php?rest_route=\/wp\/v2\/users\/1"}],"replies":[{"embeddable":true,"href":"https:\/\/www.vakisk.hu\/index.php?rest_route=%2Fwp%2Fv2%2Fcomments&post=107"}],"version-history":[{"count":0,"href":"https:\/\/www.vakisk.hu\/index.php?rest_route=\/wp\/v2\/pages\/107\/revisions"}],"wp:attachment":[{"href":"https:\/\/www.vakisk.hu\/index.php?rest_route=%2Fwp%2Fv2%2Fmedia&parent=107"}],"curies":[{"name":"wp","href":"https:\/\/api.w.org\/{rel}","templated":true}]}}