{"id":135,"date":"2017-05-30T15:46:40","date_gmt":"2017-05-30T13:46:40","guid":{"rendered":"http:\/\/www.grezner.nhely.hu\/?page_id=131"},"modified":"2018-07-25T09:05:33","modified_gmt":"2018-07-25T07:05:33","slug":"nador-terem","status":"publish","type":"page","link":"https:\/\/www.vakisk.hu\/?page_id=135","title":{"rendered":"N\u00e1dor-terem"},"content":{"rendered":"<p><a href=\"https:\/\/www.vakisk.hu\/wp-content\/uploads\/2017\/12\/N\u00e1dorterem1.jpg\"><img fetchpriority=\"high\" decoding=\"async\" class=\"alignleft wp-image-495\" src=\"https:\/\/www.vakisk.hu\/wp-content\/uploads\/2017\/12\/N\u00e1dorterem1.jpg\" alt=\"N\u00e1dor terem\" width=\"250\" height=\"305\" srcset=\"https:\/\/www.vakisk.hu\/wp-content\/uploads\/2017\/12\/N\u00e1dorterem1.jpg 164w, https:\/\/www.vakisk.hu\/wp-content\/uploads\/2017\/12\/N\u00e1dorterem1-123x150.jpg 123w\" sizes=\"(max-width: 250px) 100vw, 250px\" \/><\/a>A N\u00e1dor-terem Budapest egyik legszebb architekt\u00far\u00e1j\u00fa bels\u0151 tere.<\/p>\n<p>A szecesszi\u00f3 jellegzetesen magyar formavil\u00e1g\u00e1t mutatja, amely elt\u00e9r\u0151 nem csak m\u00e1s orsz\u00e1gok\u00e9t\u00f3l, de az Osztr\u00e1k-Magyar Monarchi\u00e1n bel\u00fcl a \u201eb\u00e9csi st\u00edlus\u201d-t\u00f3l is.<\/p>\n<p>A p\u00e1ratlan akusztik\u00e1j\u00fa teremben okt\u00f3bert\u0151l m\u00e1jus v\u00e9g\u00e9ig minden h\u00e9tv\u00e9g\u00e9n hangversenyekkel v\u00e1rjuk az \u00e9rdekl\u0151d\u0151ket.<\/p>\n<p>A hangversenyek el\u0151ad\u00f3i nemzetk\u00f6zileg is elismert zenekarok, hangszeres \u00e9s \u00e9nekes sz\u00f3list\u00e1k, k\u00f3rusok, de nemritk\u00e1n p\u00e1ly\u00e1juk kezdet\u00e9n l\u00e9v\u0151 fiatal muzsikusok, \u00edg\u00e9retes tehets\u00e9gek.<\/p>\n<p>Term\u00e9szetesen a sz\u00ednpad nyitva \u00e1ll a gyeng\u00e9nl\u00e1t\u00f3 \u00e9s vak el\u0151ad\u00f3k sz\u00e1m\u00e1ra is.<\/p>\n<p>Jegyek kaphat\u00f3k az el\u0151ad\u00e1s el\u0151tt a helysz\u00ednen, valamint az ismert jegyirod\u00e1kban.<\/p>\n","protected":false},"excerpt":{"rendered":"<p> <a class=\"continue-reading-link\" href=\"https:\/\/www.vakisk.hu\/?page_id=135\">Tov\u00e1bb <span class=\"meta-nav\">&rarr; <\/span><\/a><\/p>\n","protected":false},"author":1,"featured_media":0,"parent":0,"menu_order":0,"comment_status":"closed","ping_status":"closed","template":"","meta":{"footnotes":""},"class_list":["post-135","page","type-page","status-publish","hentry"],"_links":{"self":[{"href":"https:\/\/www.vakisk.hu\/index.php?rest_route=\/wp\/v2\/pages\/135","targetHints":{"allow":["GET"]}}],"collection":[{"href":"https:\/\/www.vakisk.hu\/index.php?rest_route=\/wp\/v2\/pages"}],"about":[{"href":"https:\/\/www.vakisk.hu\/index.php?rest_route=\/wp\/v2\/types\/page"}],"author":[{"embeddable":true,"href":"https:\/\/www.vakisk.hu\/index.php?rest_route=\/wp\/v2\/users\/1"}],"replies":[{"embeddable":true,"href":"https:\/\/www.vakisk.hu\/index.php?rest_route=%2Fwp%2Fv2%2Fcomments&post=135"}],"version-history":[{"count":0,"href":"https:\/\/www.vakisk.hu\/index.php?rest_route=\/wp\/v2\/pages\/135\/revisions"}],"wp:attachment":[{"href":"https:\/\/www.vakisk.hu\/index.php?rest_route=%2Fwp%2Fv2%2Fmedia&parent=135"}],"curies":[{"name":"wp","href":"https:\/\/api.w.org\/{rel}","templated":true}]}}