{"id":136,"date":"2017-05-30T15:52:19","date_gmt":"2017-05-30T13:52:19","guid":{"rendered":"http:\/\/www.grezner.nhely.hu\/?page_id=134"},"modified":"2025-04-05T07:33:52","modified_gmt":"2025-04-05T05:33:52","slug":"szol-a-sziv-alapitvany","status":"publish","type":"page","link":"https:\/\/www.vakisk.hu\/?page_id=136","title":{"rendered":"&#8222;Sz\u00f3l a sz\u00edv&#8230;&#8221; Alap\u00edtv\u00e1ny"},"content":{"rendered":"\t\t<div data-elementor-type=\"wp-page\" data-elementor-id=\"136\" class=\"elementor elementor-136\">\n\t\t\t\t\t\t<section class=\"elementor-section elementor-top-section elementor-element elementor-element-110abe7 elementor-section-boxed elementor-section-height-default elementor-section-height-default\" data-id=\"110abe7\" data-element_type=\"section\" data-e-type=\"section\">\n\t\t\t\t\t\t<div class=\"elementor-container elementor-column-gap-default\">\n\t\t\t\t\t<div class=\"elementor-column elementor-col-100 elementor-top-column elementor-element elementor-element-f2c9790\" data-id=\"f2c9790\" data-element_type=\"column\" data-e-type=\"column\">\n\t\t\t<div class=\"elementor-widget-wrap elementor-element-populated\">\n\t\t\t\t\t\t<div class=\"elementor-element elementor-element-207bab2 elementor-widget elementor-widget-text-editor\" data-id=\"207bab2\" data-element_type=\"widget\" data-e-type=\"widget\" data-widget_type=\"text-editor.default\">\n\t\t\t\t<div class=\"elementor-widget-container\">\n\t\t\t\t\t\t\t\t\t<p>A \u201eSz\u00f3l a sz\u00edv\u2026\u201d Alap\u00edtv\u00e1ny 1987-ben j\u00f6tt l\u00e9tre a vak gyermekek nevel\u00e9s\u00e9nek, oktat\u00e1s\u00e1nak \u00e9s kultur\u00e1lis \u00e9let\u00e9nek seg\u00edt\u00e9se \u00e9rdek\u00e9ben.<\/p><p>Tov\u00e1bbi r\u00e9szletek a <a href=\"http:\/\/szolasziv.weebly.com\/\" target=\"_blank\" rel=\"nofollow noopener noreferrer\">szervezet honlapj\u00e1n<\/a> tal\u00e1lhat\u00f3ak.<\/p>\t\t\t\t\t\t\t\t<\/div>\n\t\t\t\t<\/div>\n\t\t\t\t\t<\/div>\n\t\t<\/div>\n\t\t\t\t\t<\/div>\n\t\t<\/section>\n\t\t\t\t<section class=\"elementor-section elementor-top-section elementor-element elementor-element-d3313c2 elementor-section-boxed elementor-section-height-default elementor-section-height-default\" data-id=\"d3313c2\" data-element_type=\"section\" data-e-type=\"section\">\n\t\t\t\t\t\t<div class=\"elementor-container elementor-column-gap-default\">\n\t\t\t\t\t<div class=\"elementor-column elementor-col-100 elementor-top-column elementor-element elementor-element-ba05e27\" data-id=\"ba05e27\" data-element_type=\"column\" data-e-type=\"column\">\n\t\t\t<div class=\"elementor-widget-wrap elementor-element-populated\">\n\t\t\t\t\t\t<div class=\"elementor-element elementor-element-d985280 elementor-invisible elementor-widget elementor-widget-image\" data-id=\"d985280\" data-element_type=\"widget\" data-e-type=\"widget\" data-settings=\"{&quot;_animation&quot;:&quot;zoomIn&quot;}\" data-widget_type=\"image.default\">\n\t\t\t\t<div class=\"elementor-widget-container\">\n\t\t\t\t\t\t\t\t\t\t\t\t<figure class=\"wp-caption\">\n\t\t\t\t\t\t\t\t\t\t\t<a href=\"https:\/\/www.vakisk.hu\/wp-content\/uploads\/2017\/12\/Sz\u00f3laszivLogo1-e1514285457143.jpg\" data-elementor-open-lightbox=\"yes\" data-elementor-lightbox-title=\"&quot;Sz\u00f3l a sz\u00edv...&quot; Alap\u00edtv\u00e1ny\" data-elementor-lightbox-description=\"&quot;Sz\u00f3l a sz\u00edv...&quot; Alap\u00edtv\u00e1ny\" data-e-action-hash=\"#elementor-action%3Aaction%3Dlightbox%26settings%3DeyJpZCI6NDg2LCJ1cmwiOiJodHRwczpcL1wvd3d3LnZha2lzay5odVwvd3AtY29udGVudFwvdXBsb2Fkc1wvMjAxN1wvMTJcL1N6XHUwMGYzbGFzeml2TG9nbzEtZTE1MTQyODU0NTcxNDMuanBnIn0%3D\">\n\t\t\t\t\t\t\t<img fetchpriority=\"high\" decoding=\"async\" width=\"295\" height=\"300\" src=\"https:\/\/www.vakisk.hu\/wp-content\/uploads\/2017\/12\/Sz\u00f3laszivLogo1-e1514285457143-295x300.jpg\" class=\"elementor-animation-buzz-out attachment-medium size-medium wp-image-486\" alt=\"&quot;Sz\u00f3l a sz\u00edv...&quot; Alap\u00edtv\u00e1ny\" srcset=\"https:\/\/www.vakisk.hu\/wp-content\/uploads\/2017\/12\/Sz\u00f3laszivLogo1-e1514285457143-295x300.jpg 295w, https:\/\/www.vakisk.hu\/wp-content\/uploads\/2017\/12\/Sz\u00f3laszivLogo1-e1514285457143-147x150.jpg 147w, https:\/\/www.vakisk.hu\/wp-content\/uploads\/2017\/12\/Sz\u00f3laszivLogo1-e1514285457143.jpg 449w\" sizes=\"(max-width: 295px) 100vw, 295px\" \/>\t\t\t\t\t\t\t\t<\/a>\n\t\t\t\t\t\t\t\t\t\t\t<figcaption class=\"widget-image-caption wp-caption-text\"><\/figcaption>\n\t\t\t\t\t\t\t\t\t\t<\/figure>\n\t\t\t\t\t\t\t\t\t<\/div>\n\t\t\t\t<\/div>\n\t\t\t\t\t<\/div>\n\t\t<\/div>\n\t\t\t\t\t<\/div>\n\t\t<\/section>\n\t\t\t\t<section class=\"elementor-section elementor-top-section elementor-element elementor-element-232f428 elementor-section-boxed elementor-section-height-default elementor-section-height-default\" data-id=\"232f428\" data-element_type=\"section\" data-e-type=\"section\">\n\t\t\t\t\t\t<div class=\"elementor-container elementor-column-gap-default\">\n\t\t\t\t\t<div class=\"elementor-column elementor-col-100 elementor-top-column elementor-element elementor-element-9f2e682\" data-id=\"9f2e682\" data-element_type=\"column\" data-e-type=\"column\">\n\t\t\t<div class=\"elementor-widget-wrap elementor-element-populated\">\n\t\t\t\t\t\t<div class=\"elementor-element elementor-element-3d74971 elementor-widget elementor-widget-text-editor\" data-id=\"3d74971\" data-element_type=\"widget\" data-e-type=\"widget\" data-widget_type=\"text-editor.default\">\n\t\t\t\t<div class=\"elementor-widget-container\">\n\t\t\t\t\t\t\t\t\t<p style=\"text-align: right;\"><strong>V\u00c9GE\u00a0\u00a0 <br \/><\/strong><\/p>\t\t\t\t\t\t\t\t<\/div>\n\t\t\t\t<\/div>\n\t\t\t\t\t<\/div>\n\t\t<\/div>\n\t\t\t\t\t<\/div>\n\t\t<\/section>\n\t\t\t\t<\/div>\n\t\t","protected":false},"excerpt":{"rendered":"<p> <a class=\"continue-reading-link\" href=\"https:\/\/www.vakisk.hu\/?page_id=136\">Tov\u00e1bb <span class=\"meta-nav\">&rarr; <\/span><\/a><\/p>\n","protected":false},"author":1,"featured_media":0,"parent":0,"menu_order":0,"comment_status":"closed","ping_status":"closed","template":"","meta":{"footnotes":""},"class_list":["post-136","page","type-page","status-publish","hentry"],"_links":{"self":[{"href":"https:\/\/www.vakisk.hu\/index.php?rest_route=\/wp\/v2\/pages\/136","targetHints":{"allow":["GET"]}}],"collection":[{"href":"https:\/\/www.vakisk.hu\/index.php?rest_route=\/wp\/v2\/pages"}],"about":[{"href":"https:\/\/www.vakisk.hu\/index.php?rest_route=\/wp\/v2\/types\/page"}],"author":[{"embeddable":true,"href":"https:\/\/www.vakisk.hu\/index.php?rest_route=\/wp\/v2\/users\/1"}],"replies":[{"embeddable":true,"href":"https:\/\/www.vakisk.hu\/index.php?rest_route=%2Fwp%2Fv2%2Fcomments&post=136"}],"version-history":[{"count":0,"href":"https:\/\/www.vakisk.hu\/index.php?rest_route=\/wp\/v2\/pages\/136\/revisions"}],"wp:attachment":[{"href":"https:\/\/www.vakisk.hu\/index.php?rest_route=%2Fwp%2Fv2%2Fmedia&parent=136"}],"curies":[{"name":"wp","href":"https:\/\/api.w.org\/{rel}","templated":true}]}}