{"id":138,"date":"2017-05-30T15:54:45","date_gmt":"2017-05-30T13:54:45","guid":{"rendered":"http:\/\/www.grezner.nhely.hu\/?page_id=138"},"modified":"2020-03-01T19:08:06","modified_gmt":"2020-03-01T18:08:06","slug":"vak-diakok-sportegyesulete","status":"publish","type":"page","link":"https:\/\/www.vakisk.hu\/?page_id=138","title":{"rendered":"Vak Di\u00e1kok Sportegyes\u00fclete"},"content":{"rendered":"\n<p>A <a href=\"https:\/\/vakdiakok-sportegyesulete.hu\/\" target=\"_blank\" rel=\"noreferrer noopener\" aria-label=\"Vak Di\u00e1kok Sportegyes\u00fcle (\u00faj f\u00fcl\u00f6n nyitja meg)\">Vak Di\u00e1kok Sportegyes\u00fcle<\/a><a rel=\"noopener noreferrer\" href=\"http:\/\/vdse.atw.hu\/\" target=\"_blank\">te<\/a> verseny- \u00e9s t\u00f6megsport rendezv\u00e9nyein, foglalkoz\u00e1sain int\u00e9zm\u00e9ny\u00fcnk tanul\u00f3i rendszeresen ill. nagy sz\u00e1mban vesznek r\u00e9szt.<\/p>\n\n\n\n<p>A szervezet tev\u00e9kenys\u00e9g\u00e9vel nagyban seg\u00edti a l\u00e1t\u00e1ss\u00e9r\u00fclt gyermekek eg\u00e9szs\u00e9ges \u00e9letm\u00f3dra nevel\u00e9s\u00e9t.<\/p>\n\n\n\n<p>Iskol\u00e1nk tanul\u00f3i mind a hazai, mind a nemzetk\u00f6zi versenyeken j\u00f3 helyez\u00e9seket \u00e9rnek el. Az aktu\u00e1lis rendezv\u00e9nyekr\u0151l \u00e9s versenyekr\u0151l a h\u00edrek oldalon t\u00e1j\u00e9koz\u00f3dhat.<\/p>\n\n\n\n<div class=\"wp-block-image is-style-default\"><figure class=\"alignleft\"><a href=\"http:\/\/vdse.atw.hu\/\" target=\"_blank\" rel=\"noopener noreferrer\"><img decoding=\"async\" width=\"150\" height=\"150\" src=\"https:\/\/www.vakisk.hu\/wp-content\/uploads\/2017\/12\/VDSELogo1-150x150.jpg\" alt=\"Vak Di\u00e1kok Sportegyes\u00fclete\" class=\"wp-image-490\" srcset=\"https:\/\/www.vakisk.hu\/wp-content\/uploads\/2017\/12\/VDSELogo1-150x150.jpg 150w, https:\/\/www.vakisk.hu\/wp-content\/uploads\/2017\/12\/VDSELogo1-300x300.jpg 300w, https:\/\/www.vakisk.hu\/wp-content\/uploads\/2017\/12\/VDSELogo1.jpg 305w\" sizes=\"(max-width: 150px) 100vw, 150px\" \/><\/a><\/figure><\/div>\n","protected":false},"excerpt":{"rendered":"<p> <a class=\"continue-reading-link\" href=\"https:\/\/www.vakisk.hu\/?page_id=138\">Tov\u00e1bb <span class=\"meta-nav\">&rarr; <\/span><\/a><\/p>\n","protected":false},"author":1,"featured_media":0,"parent":0,"menu_order":0,"comment_status":"closed","ping_status":"closed","template":"","meta":{"footnotes":""},"class_list":["post-138","page","type-page","status-publish","hentry"],"_links":{"self":[{"href":"https:\/\/www.vakisk.hu\/index.php?rest_route=\/wp\/v2\/pages\/138","targetHints":{"allow":["GET"]}}],"collection":[{"href":"https:\/\/www.vakisk.hu\/index.php?rest_route=\/wp\/v2\/pages"}],"about":[{"href":"https:\/\/www.vakisk.hu\/index.php?rest_route=\/wp\/v2\/types\/page"}],"author":[{"embeddable":true,"href":"https:\/\/www.vakisk.hu\/index.php?rest_route=\/wp\/v2\/users\/1"}],"replies":[{"embeddable":true,"href":"https:\/\/www.vakisk.hu\/index.php?rest_route=%2Fwp%2Fv2%2Fcomments&post=138"}],"version-history":[{"count":0,"href":"https:\/\/www.vakisk.hu\/index.php?rest_route=\/wp\/v2\/pages\/138\/revisions"}],"wp:attachment":[{"href":"https:\/\/www.vakisk.hu\/index.php?rest_route=%2Fwp%2Fv2%2Fmedia&parent=138"}],"curies":[{"name":"wp","href":"https:\/\/api.w.org\/{rel}","templated":true}]}}