{"id":1857,"date":"2019-06-25T19:50:58","date_gmt":"2019-06-25T17:50:58","guid":{"rendered":"https:\/\/www.vakisk.hu\/?page_id=1857"},"modified":"2019-06-25T19:57:55","modified_gmt":"2019-06-25T17:57:55","slug":"ballagasi-tablok","status":"publish","type":"page","link":"https:\/\/www.vakisk.hu\/?page_id=1857","title":{"rendered":"Ballag\u00e1si tabl\u00f3k"},"content":{"rendered":"\n<h3 class=\"wp-block-heading\">A 2019 j\u00fanius\u00e1ban v\u00e9gzett szakiskolai oszt\u00e1lyok tabl\u00f3i:<\/h3>\n\n\n\n<figure class=\"wp-block-image\"><a href=\"https:\/\/www.vakisk.hu\/wp-content\/uploads\/2019\/06\/201906-Tabl\u00f3_10sz\u00e1A-1.jpg\"><img fetchpriority=\"high\" decoding=\"async\" width=\"768\" height=\"1024\" src=\"https:\/\/www.vakisk.hu\/wp-content\/uploads\/2019\/06\/201906-Tabl\u00f3_10sz\u00e1A-1-768x1024.jpg\" alt=\"10sz\u00e1\/A oszt\u00e1ly, Sz\u00e1m\u00edt\u00f3g\u00e9pes adatr\u00f6gz\u00edt\u0151 - 2017\/2019\" class=\"wp-image-1858\" srcset=\"https:\/\/www.vakisk.hu\/wp-content\/uploads\/2019\/06\/201906-Tabl\u00f3_10sz\u00e1A-1-768x1024.jpg 768w, https:\/\/www.vakisk.hu\/wp-content\/uploads\/2019\/06\/201906-Tabl\u00f3_10sz\u00e1A-1-225x300.jpg 225w, https:\/\/www.vakisk.hu\/wp-content\/uploads\/2019\/06\/201906-Tabl\u00f3_10sz\u00e1A-1-113x150.jpg 113w\" sizes=\"(max-width: 768px) 100vw, 768px\" \/><\/a><\/figure>\n\n\n\n<hr class=\"wp-block-separator\"\/>\n\n\n\n<figure class=\"wp-block-image\"><a href=\"https:\/\/www.vakisk.hu\/wp-content\/uploads\/2019\/06\/201906-Tabl\u00f3_12fako-1.png\"><img decoding=\"async\" width=\"906\" height=\"601\" src=\"https:\/\/www.vakisk.hu\/wp-content\/uploads\/2019\/06\/201906-Tabl\u00f3_12fako-1.png\" alt=\"12fako oszt\u00e1ly, Fazekas-Kos\u00e1rfon\u00f3 - 2015\/2019\" class=\"wp-image-1859\" srcset=\"https:\/\/www.vakisk.hu\/wp-content\/uploads\/2019\/06\/201906-Tabl\u00f3_12fako-1.png 906w, https:\/\/www.vakisk.hu\/wp-content\/uploads\/2019\/06\/201906-Tabl\u00f3_12fako-1-300x199.png 300w, https:\/\/www.vakisk.hu\/wp-content\/uploads\/2019\/06\/201906-Tabl\u00f3_12fako-1-768x509.png 768w, https:\/\/www.vakisk.hu\/wp-content\/uploads\/2019\/06\/201906-Tabl\u00f3_12fako-1-150x100.png 150w, https:\/\/www.vakisk.hu\/wp-content\/uploads\/2019\/06\/201906-Tabl\u00f3_12fako-1-226x150.png 226w\" sizes=\"(max-width: 906px) 100vw, 906px\" \/><\/a><\/figure>\n\n\n\n<hr class=\"wp-block-separator\"\/>\n","protected":false},"excerpt":{"rendered":"<p> <a class=\"continue-reading-link\" href=\"https:\/\/www.vakisk.hu\/?page_id=1857\">Tov\u00e1bb <span class=\"meta-nav\">&rarr; <\/span><\/a><\/p>\n","protected":false},"author":1,"featured_media":0,"parent":0,"menu_order":0,"comment_status":"open","ping_status":"closed","template":"","meta":{"footnotes":""},"class_list":["post-1857","page","type-page","status-publish","hentry"],"_links":{"self":[{"href":"https:\/\/www.vakisk.hu\/index.php?rest_route=\/wp\/v2\/pages\/1857","targetHints":{"allow":["GET"]}}],"collection":[{"href":"https:\/\/www.vakisk.hu\/index.php?rest_route=\/wp\/v2\/pages"}],"about":[{"href":"https:\/\/www.vakisk.hu\/index.php?rest_route=\/wp\/v2\/types\/page"}],"author":[{"embeddable":true,"href":"https:\/\/www.vakisk.hu\/index.php?rest_route=\/wp\/v2\/users\/1"}],"replies":[{"embeddable":true,"href":"https:\/\/www.vakisk.hu\/index.php?rest_route=%2Fwp%2Fv2%2Fcomments&post=1857"}],"version-history":[{"count":0,"href":"https:\/\/www.vakisk.hu\/index.php?rest_route=\/wp\/v2\/pages\/1857\/revisions"}],"wp:attachment":[{"href":"https:\/\/www.vakisk.hu\/index.php?rest_route=%2Fwp%2Fv2%2Fmedia&parent=1857"}],"curies":[{"name":"wp","href":"https:\/\/api.w.org\/{rel}","templated":true}]}}