{"id":2002,"date":"2019-10-15T18:52:12","date_gmt":"2019-10-15T16:52:12","guid":{"rendered":"https:\/\/www.vakisk.hu\/?page_id=2002"},"modified":"2026-04-01T15:28:05","modified_gmt":"2026-04-01T13:28:05","slug":"2023-2024-tanev-rendje","status":"publish","type":"page","link":"https:\/\/www.vakisk.hu\/?page_id=2002","title":{"rendered":"A tan\u00e9v rendje"},"content":{"rendered":"\t\t<div data-elementor-type=\"wp-page\" data-elementor-id=\"2002\" class=\"elementor elementor-2002\">\n\t\t\t\t\t\t<section class=\"elementor-section elementor-top-section elementor-element elementor-element-250b87f elementor-section-boxed elementor-section-height-default elementor-section-height-default\" data-id=\"250b87f\" data-element_type=\"section\" data-e-type=\"section\">\n\t\t\t\t\t\t<div class=\"elementor-container elementor-column-gap-default\">\n\t\t\t\t\t<div class=\"elementor-column elementor-col-100 elementor-top-column elementor-element elementor-element-68e4ae1\" data-id=\"68e4ae1\" data-element_type=\"column\" data-e-type=\"column\">\n\t\t\t<div class=\"elementor-widget-wrap elementor-element-populated\">\n\t\t\t\t\t\t<div class=\"elementor-element elementor-element-ce97e27 elementor-widget elementor-widget-text-editor\" data-id=\"ce97e27\" data-element_type=\"widget\" data-e-type=\"widget\" data-widget_type=\"text-editor.default\">\n\t\t\t\t<div class=\"elementor-widget-container\">\n\t\t\t\t\t\t\t\t\t<p><strong>\u00a0Utolj\u00e1ra m\u00f3dos\u00edtva: 2026 \u00e1prilis 1.<\/strong><\/p>\t\t\t\t\t\t\t\t<\/div>\n\t\t\t\t<\/div>\n\t\t\t\t\t<\/div>\n\t\t<\/div>\n\t\t\t\t\t<\/div>\n\t\t<\/section>\n\t\t\t\t<section class=\"elementor-section elementor-top-section elementor-element elementor-element-0213f22 elementor-section-boxed elementor-section-height-default elementor-section-height-default\" data-id=\"0213f22\" data-element_type=\"section\" data-e-type=\"section\">\n\t\t\t\t\t\t<div class=\"elementor-container elementor-column-gap-default\">\n\t\t\t\t\t<div class=\"elementor-column elementor-col-100 elementor-top-column elementor-element elementor-element-6cce7cc\" data-id=\"6cce7cc\" data-element_type=\"column\" data-e-type=\"column\">\n\t\t\t<div class=\"elementor-widget-wrap elementor-element-populated\">\n\t\t\t\t\t\t<div class=\"elementor-element elementor-element-6c65ab6 elementor-invisible elementor-widget elementor-widget-image\" data-id=\"6c65ab6\" data-element_type=\"widget\" data-e-type=\"widget\" data-settings=\"{&quot;_animation&quot;:&quot;zoomIn&quot;}\" data-widget_type=\"image.default\">\n\t\t\t\t<div class=\"elementor-widget-container\">\n\t\t\t\t\t\t\t\t\t\t\t\t\t\t\t\t<a href=\"https:\/\/www.vakisk.hu\/wp-content\/uploads\/2025\/10\/BejegyzesFaceTwitter_Tanevrendje_2025-2026.jpg\" data-elementor-open-lightbox=\"yes\" data-elementor-lightbox-title=\"Bejegyz\u00e9sFaceTwitter_Tan\u00e9vrendje_#2025-2026\" data-elementor-lightbox-description=\"A 2025\/26. tan\u00e9v rendje\" data-e-action-hash=\"#elementor-action%3Aaction%3Dlightbox%26settings%3DeyJpZCI6ODYxNywidXJsIjoiaHR0cHM6XC9cL3d3dy52YWtpc2suaHVcL3dwLWNvbnRlbnRcL3VwbG9hZHNcLzIwMjVcLzEwXC9CZWplZ3l6ZXNGYWNlVHdpdHRlcl9UYW5ldnJlbmRqZV8yMDI1LTIwMjYuanBnIn0%3D\">\n\t\t\t\t\t\t\t<img fetchpriority=\"high\" decoding=\"async\" width=\"800\" height=\"423\" src=\"https:\/\/www.vakisk.hu\/wp-content\/uploads\/2025\/10\/BejegyzesFaceTwitter_Tanevrendje_2025-2026-1024x541.jpg\" class=\"elementor-animation-buzz-out attachment-large size-large wp-image-8617\" alt=\"A 2025\/26. tan\u00e9v rendje\" srcset=\"https:\/\/www.vakisk.hu\/wp-content\/uploads\/2025\/10\/BejegyzesFaceTwitter_Tanevrendje_2025-2026-1024x541.jpg 1024w, https:\/\/www.vakisk.hu\/wp-content\/uploads\/2025\/10\/BejegyzesFaceTwitter_Tanevrendje_2025-2026-300x158.jpg 300w, https:\/\/www.vakisk.hu\/wp-content\/uploads\/2025\/10\/BejegyzesFaceTwitter_Tanevrendje_2025-2026-768x406.jpg 768w, https:\/\/www.vakisk.hu\/wp-content\/uploads\/2025\/10\/BejegyzesFaceTwitter_Tanevrendje_2025-2026-150x79.jpg 150w, https:\/\/www.vakisk.hu\/wp-content\/uploads\/2025\/10\/BejegyzesFaceTwitter_Tanevrendje_2025-2026.jpg 1208w\" sizes=\"(max-width: 800px) 100vw, 800px\" \/>\t\t\t\t\t\t\t\t<\/a>\n\t\t\t\t\t\t\t\t\t\t\t\t\t\t\t<\/div>\n\t\t\t\t<\/div>\n\t\t\t\t\t<\/div>\n\t\t<\/div>\n\t\t\t\t\t<\/div>\n\t\t<\/section>\n\t\t\t\t<section class=\"elementor-section elementor-top-section elementor-element elementor-element-d5f478f elementor-section-boxed elementor-section-height-default elementor-section-height-default\" data-id=\"d5f478f\" data-element_type=\"section\" data-e-type=\"section\">\n\t\t\t\t\t\t<div class=\"elementor-container elementor-column-gap-default\">\n\t\t\t\t\t<div class=\"elementor-column elementor-col-100 elementor-top-column elementor-element elementor-element-31bd6de\" data-id=\"31bd6de\" data-element_type=\"column\" data-e-type=\"column\">\n\t\t\t<div class=\"elementor-widget-wrap elementor-element-populated\">\n\t\t\t\t\t\t<div class=\"elementor-element elementor-element-d8fd57d elementor-widget elementor-widget-text-editor\" data-id=\"d8fd57d\" data-element_type=\"widget\" data-e-type=\"widget\" data-widget_type=\"text-editor.default\">\n\t\t\t\t<div class=\"elementor-widget-container\">\n\t\t\t\t\t\t\t\t\t<p><strong>A 2025\/26-os tan\u00e9v rendje let\u00f6lthet\u0151 <a href=\"https:\/\/www.vakisk.hu\/wp-content\/uploads\/2025\/10\/2025-2026-tanev-programja.xlsx\" target=\"_blank\" rel=\"noopener\">Excel XLSX<\/a>, az <a href=\"https:\/\/www.vakisk.hu\/wp-content\/uploads\/2025\/10\/2025-2026-tanev-programja-I.-felev.pdf\" target=\"_blank\" rel=\"noopener\">I. f\u00e9l\u00e9v<\/a> \u00e9s a <a href=\"https:\/\/www.vakisk.hu\/wp-content\/uploads\/2025\/10\/2025-2026-tanev-programja-II.-felev.pdf\" target=\"_blank\" rel=\"noopener\">II. f\u00e9l\u00e9v<\/a> Adobe PDF form\u00e1tumban.<\/strong><\/p><p><strong>A k\u00e9t f\u00e9l\u00e9v az al\u00e1bbi k\u00e9pekre kattintva itt az oldalon nagy\u00edtva is megtekinthet\u0151.<\/strong><\/p>\t\t\t\t\t\t\t\t<\/div>\n\t\t\t\t<\/div>\n\t\t\t\t\t<\/div>\n\t\t<\/div>\n\t\t\t\t\t<\/div>\n\t\t<\/section>\n\t\t\t\t<section class=\"elementor-section elementor-top-section elementor-element elementor-element-192c4c3 elementor-section-boxed elementor-section-height-default elementor-section-height-default\" data-id=\"192c4c3\" data-element_type=\"section\" data-e-type=\"section\">\n\t\t\t\t\t\t<div class=\"elementor-container elementor-column-gap-default\">\n\t\t\t\t\t<div class=\"elementor-column elementor-col-100 elementor-top-column elementor-element elementor-element-a614aba\" data-id=\"a614aba\" data-element_type=\"column\" data-e-type=\"column\">\n\t\t\t<div class=\"elementor-widget-wrap elementor-element-populated\">\n\t\t\t\t\t\t<div class=\"elementor-element elementor-element-b5897c8 elementor-invisible elementor-widget elementor-widget-image\" data-id=\"b5897c8\" data-element_type=\"widget\" data-e-type=\"widget\" data-settings=\"{&quot;_animation&quot;:&quot;zoomIn&quot;}\" data-widget_type=\"image.default\">\n\t\t\t\t<div class=\"elementor-widget-container\">\n\t\t\t\t\t\t\t\t\t\t\t\t<figure class=\"wp-caption\">\n\t\t\t\t\t\t\t\t\t\t\t<a href=\"https:\/\/www.vakisk.hu\/wp-content\/uploads\/2025\/10\/2025-2026-tanev-programja-I.-felev.jpg\" data-elementor-open-lightbox=\"yes\" data-elementor-lightbox-title=\"A 2025\/26-os tan\u00e9v rendje, I. f\u00e9l\u00e9v.\" data-elementor-lightbox-description=\"A 2025\/26-os tan\u00e9v rendje, I. f\u00e9l\u00e9v.\" data-e-action-hash=\"#elementor-action%3Aaction%3Dlightbox%26settings%3DeyJpZCI6ODYxMCwidXJsIjoiaHR0cHM6XC9cL3d3dy52YWtpc2suaHVcL3dwLWNvbnRlbnRcL3VwbG9hZHNcLzIwMjVcLzEwXC8yMDI1LTIwMjYtdGFuZXYtcHJvZ3JhbWphLUkuLWZlbGV2LmpwZyJ9\">\n\t\t\t\t\t\t\t<img decoding=\"async\" width=\"800\" height=\"566\" src=\"https:\/\/www.vakisk.hu\/wp-content\/uploads\/2025\/10\/2025-2026-tanev-programja-I.-felev-1024x724.jpg\" class=\"attachment-large size-large wp-image-8610\" alt=\"A 2025\/26-os tan\u00e9v rendje, I. f\u00e9l\u00e9v.\" srcset=\"https:\/\/www.vakisk.hu\/wp-content\/uploads\/2025\/10\/2025-2026-tanev-programja-I.-felev-1024x724.jpg 1024w, https:\/\/www.vakisk.hu\/wp-content\/uploads\/2025\/10\/2025-2026-tanev-programja-I.-felev-300x212.jpg 300w, https:\/\/www.vakisk.hu\/wp-content\/uploads\/2025\/10\/2025-2026-tanev-programja-I.-felev-768x543.jpg 768w, https:\/\/www.vakisk.hu\/wp-content\/uploads\/2025\/10\/2025-2026-tanev-programja-I.-felev-1536x1086.jpg 1536w, https:\/\/www.vakisk.hu\/wp-content\/uploads\/2025\/10\/2025-2026-tanev-programja-I.-felev-2048x1448.jpg 2048w, https:\/\/www.vakisk.hu\/wp-content\/uploads\/2025\/10\/2025-2026-tanev-programja-I.-felev-150x106.jpg 150w\" sizes=\"(max-width: 800px) 100vw, 800px\" \/>\t\t\t\t\t\t\t\t<\/a>\n\t\t\t\t\t\t\t\t\t\t\t<figcaption class=\"widget-image-caption wp-caption-text\">A 2025\/26-os tan\u00e9v rendje, I. f\u00e9l\u00e9v.<\/figcaption>\n\t\t\t\t\t\t\t\t\t\t<\/figure>\n\t\t\t\t\t\t\t\t\t<\/div>\n\t\t\t\t<\/div>\n\t\t\t\t\t<\/div>\n\t\t<\/div>\n\t\t\t\t\t<\/div>\n\t\t<\/section>\n\t\t\t\t<section class=\"elementor-section elementor-top-section elementor-element elementor-element-4af9ee9 elementor-section-boxed elementor-section-height-default elementor-section-height-default\" data-id=\"4af9ee9\" data-element_type=\"section\" data-e-type=\"section\">\n\t\t\t\t\t\t<div class=\"elementor-container elementor-column-gap-default\">\n\t\t\t\t\t<div class=\"elementor-column elementor-col-100 elementor-top-column elementor-element elementor-element-ea8231d\" data-id=\"ea8231d\" data-element_type=\"column\" data-e-type=\"column\">\n\t\t\t<div class=\"elementor-widget-wrap elementor-element-populated\">\n\t\t\t\t\t\t<div class=\"elementor-element elementor-element-e9d2774 elementor-invisible elementor-widget elementor-widget-image\" data-id=\"e9d2774\" data-element_type=\"widget\" data-e-type=\"widget\" data-settings=\"{&quot;_animation&quot;:&quot;zoomIn&quot;}\" data-widget_type=\"image.default\">\n\t\t\t\t<div class=\"elementor-widget-container\">\n\t\t\t\t\t\t\t\t\t\t\t\t<figure class=\"wp-caption\">\n\t\t\t\t\t\t\t\t\t\t\t<a href=\"https:\/\/www.vakisk.hu\/wp-content\/uploads\/2025\/10\/2025-2026-tanev-programja-II.-felev.jpg\" data-elementor-open-lightbox=\"yes\" data-elementor-lightbox-title=\"A 2025\/26-os tan\u00e9v rendje, II. f\u00e9l\u00e9v.\" data-elementor-lightbox-description=\"A 2025\/26-os tan\u00e9v rendje, II. f\u00e9l\u00e9v.\" data-e-action-hash=\"#elementor-action%3Aaction%3Dlightbox%26settings%3DeyJpZCI6ODYxMiwidXJsIjoiaHR0cHM6XC9cL3d3dy52YWtpc2suaHVcL3dwLWNvbnRlbnRcL3VwbG9hZHNcLzIwMjVcLzEwXC8yMDI1LTIwMjYtdGFuZXYtcHJvZ3JhbWphLUlJLi1mZWxldi5qcGcifQ%3D%3D\">\n\t\t\t\t\t\t\t<img decoding=\"async\" width=\"800\" height=\"566\" src=\"https:\/\/www.vakisk.hu\/wp-content\/uploads\/2025\/10\/2025-2026-tanev-programja-II.-felev-1024x724.jpg\" class=\"attachment-large size-large wp-image-8612\" alt=\"A 2025\/26-os tan\u00e9v rendje, II. f\u00e9l\u00e9v.\" srcset=\"https:\/\/www.vakisk.hu\/wp-content\/uploads\/2025\/10\/2025-2026-tanev-programja-II.-felev-1024x724.jpg 1024w, https:\/\/www.vakisk.hu\/wp-content\/uploads\/2025\/10\/2025-2026-tanev-programja-II.-felev-300x212.jpg 300w, https:\/\/www.vakisk.hu\/wp-content\/uploads\/2025\/10\/2025-2026-tanev-programja-II.-felev-768x543.jpg 768w, https:\/\/www.vakisk.hu\/wp-content\/uploads\/2025\/10\/2025-2026-tanev-programja-II.-felev-1536x1086.jpg 1536w, https:\/\/www.vakisk.hu\/wp-content\/uploads\/2025\/10\/2025-2026-tanev-programja-II.-felev-2048x1448.jpg 2048w, https:\/\/www.vakisk.hu\/wp-content\/uploads\/2025\/10\/2025-2026-tanev-programja-II.-felev-150x106.jpg 150w\" sizes=\"(max-width: 800px) 100vw, 800px\" \/>\t\t\t\t\t\t\t\t<\/a>\n\t\t\t\t\t\t\t\t\t\t\t<figcaption class=\"widget-image-caption wp-caption-text\">A 2025\/26-os tan\u00e9v rendje, II. f\u00e9l\u00e9v.<\/figcaption>\n\t\t\t\t\t\t\t\t\t\t<\/figure>\n\t\t\t\t\t\t\t\t\t<\/div>\n\t\t\t\t<\/div>\n\t\t\t\t\t<\/div>\n\t\t<\/div>\n\t\t\t\t\t<\/div>\n\t\t<\/section>\n\t\t\t\t<section class=\"elementor-section elementor-top-section elementor-element elementor-element-8d00bf3 elementor-section-boxed elementor-section-height-default elementor-section-height-default\" data-id=\"8d00bf3\" data-element_type=\"section\" data-e-type=\"section\">\n\t\t\t\t\t\t<div class=\"elementor-container elementor-column-gap-default\">\n\t\t\t\t\t<div class=\"elementor-column elementor-col-100 elementor-top-column elementor-element elementor-element-b44029b\" data-id=\"b44029b\" data-element_type=\"column\" data-e-type=\"column\">\n\t\t\t<div class=\"elementor-widget-wrap elementor-element-populated\">\n\t\t\t\t\t\t<div class=\"elementor-element elementor-element-8729ba1 elementor-widget elementor-widget-text-editor\" data-id=\"8729ba1\" data-element_type=\"widget\" data-e-type=\"widget\" data-widget_type=\"text-editor.default\">\n\t\t\t\t<div class=\"elementor-widget-container\">\n\t\t\t\t\t\t\t\t\t<p style=\"text-align: right;\"><strong>V\u00c9GE\u00a0\u00a0 <br \/><\/strong><\/p>\t\t\t\t\t\t\t\t<\/div>\n\t\t\t\t<\/div>\n\t\t\t\t\t<\/div>\n\t\t<\/div>\n\t\t\t\t\t<\/div>\n\t\t<\/section>\n\t\t\t\t<\/div>\n\t\t","protected":false},"excerpt":{"rendered":"<p> <a class=\"continue-reading-link\" href=\"https:\/\/www.vakisk.hu\/?page_id=2002\">Tov\u00e1bb <span class=\"meta-nav\">&rarr; <\/span><\/a><\/p>\n","protected":false},"author":1,"featured_media":7368,"parent":0,"menu_order":0,"comment_status":"open","ping_status":"closed","template":"","meta":{"footnotes":""},"class_list":["post-2002","page","type-page","status-publish","has-post-thumbnail","hentry"],"_links":{"self":[{"href":"https:\/\/www.vakisk.hu\/index.php?rest_route=\/wp\/v2\/pages\/2002","targetHints":{"allow":["GET"]}}],"collection":[{"href":"https:\/\/www.vakisk.hu\/index.php?rest_route=\/wp\/v2\/pages"}],"about":[{"href":"https:\/\/www.vakisk.hu\/index.php?rest_route=\/wp\/v2\/types\/page"}],"author":[{"embeddable":true,"href":"https:\/\/www.vakisk.hu\/index.php?rest_route=\/wp\/v2\/users\/1"}],"replies":[{"embeddable":true,"href":"https:\/\/www.vakisk.hu\/index.php?rest_route=%2Fwp%2Fv2%2Fcomments&post=2002"}],"version-history":[{"count":3,"href":"https:\/\/www.vakisk.hu\/index.php?rest_route=\/wp\/v2\/pages\/2002\/revisions"}],"predecessor-version":[{"id":9075,"href":"https:\/\/www.vakisk.hu\/index.php?rest_route=\/wp\/v2\/pages\/2002\/revisions\/9075"}],"wp:featuredmedia":[{"embeddable":true,"href":"https:\/\/www.vakisk.hu\/index.php?rest_route=\/wp\/v2\/media\/7368"}],"wp:attachment":[{"href":"https:\/\/www.vakisk.hu\/index.php?rest_route=%2Fwp%2Fv2%2Fmedia&parent=2002"}],"curies":[{"name":"wp","href":"https:\/\/api.w.org\/{rel}","templated":true}]}}