{"id":2690,"date":"2020-03-21T09:24:15","date_gmt":"2020-03-21T08:24:15","guid":{"rendered":"https:\/\/www.vakisk.hu\/?page_id=2690"},"modified":"2020-03-21T09:24:15","modified_gmt":"2020-03-21T08:24:15","slug":"somorjai-ferenc-zenetanar-karnagy-1923-2009","status":"publish","type":"page","link":"https:\/\/www.vakisk.hu\/?page_id=2690","title":{"rendered":"Somorjai Ferenc &#8211; zenetan\u00e1r, karnagy (1923-2009)"},"content":{"rendered":"\n<p><strong>Somorjai Ferenc <\/strong>1923  okt\u00f3ber 3-\u00e1n sz\u00fcletett Budapesten. A sz\u00fcl\u00e9sn\u00e9l szemfert\u0151z\u00e9st kapott,  \u00edgy eg\u00e9sz \u00e9let\u00e9n \u00e1t rossz szemmel bajl\u00f3dott. Sz\u00fclei 1931-ben be\u00edratt\u00e1k a  Vakok Int\u00e9zet\u00e9be, ahol \u00f6r\u00f6kre eljegyezte mag\u00e1t a muzsik\u00e1val.   Zongor\u00e1zni Greizinger Istv\u00e1nn\u00e1l tanult. \u0150 volt a legkedvesebb tan\u00e1ra.  Orgon\u00e1ra J\u00e1rmer Lajos oktatta, heged\u0171t Fidler Lajosn\u00e1l \u00e9s Berind\u00e1n  L\u00e1szl\u00f3n\u00e1l tanult. Egy alkalommal m\u00e9g heged\u0171sz\u00f3l\u00f3t is j\u00e1tszhatott az  iskolai zenekarban. Mindezek mellett egyh\u00e1zi \u00e9nekkarban \u00e9s az iskolai  k\u00f3rusban is \u00e9nekelt.  Akkor szeretett bele a k\u00f3rus\u00e9nekl\u00e9sbe.<\/p>\n\n\n\n<p>A hat elemi oszt\u00e1ly ut\u00e1n h\u00e1rom tov\u00e1bbk\u00e9pz\u0151t v\u00e9gzett, \u00e9s 1940-ben &#8222;k\u00e9pes\u00edt\u0151 vizsg\u00e1t&#8221; tett. Az &#8222;Int\u00e9zet&#8221;-b\u0151l kiker\u00fclve azonnal folytatta tanulm\u00e1nyait orgonaszakon a Nemzeti Zened\u00e9ben Gergely Ferencn\u00e9l, aki 1946-t\u00f3l Zeneakad\u00e9miai professzora is lett. Val\u00f3j\u00e1ban zongorista akart lenni, ez\u00e9rt 1941-ben felv\u00e9telizett a Zeneakad\u00e9mia zongora tanszak\u00e1ra. Tan\u00e1ra a k\u00e9s\u0151bbi j\u00f3nev\u0171 zongoram\u0171v\u00e9sz, Wechner Tibor lett, akinek ir\u00e1ny\u00edt\u00e1sa mellett szerzett m\u0171v\u00e9sztan\u00e1ri oklevelet.<\/p>\n\n\n\n<p>1945-ben Veres S\u00e1ndor oszt\u00e1ly\u00e1ba zeneszerz\u00e9sre is beiratkozott, 1946-ban Ferencsik J\u00e1nosn\u00e1l tanult a karnagyk\u00e9pz\u0151n h\u00e1rom \u00e9vig, mellette folytatta a m\u00e1r eml\u00edtett orgonaszakot is. N\u00e9pzen\u00e9t a szigor\u00fas\u00e1g\u00e1r\u00f3l h\u00edres Kod\u00e1ly Zolt\u00e1nn\u00e1l tanult.<\/p>\n\n\n\n<p>Akkor m\u00e1r a politikai hovatartoz\u00e1s t\u00f6bbet nyomott a latban, mint a szakmai felk\u00e9sz\u00fclts\u00e9g. Mivel m\u00e9g 1947-ben Gergely tan\u00e1r \u00far aj\u00e1nl\u00e1s\u00e1ra k\u00e1ntor-karnagyi \u00e1ll\u00e1st kapott a Szervit\u00e1k templom\u00e1ban, &#8211; ahol 1960-ig tev\u00e9kenykedett -, ez\u00e9rt \u00e1llami \u00e1ll\u00e1st nem t\u00f6lthetett be. 1950-ben mag\u00e1nzeneiskol\u00e1t alap\u00edtott Soroks\u00e1ron, amely 10 \u00e9ven \u00e1t m\u0171k\u00f6d\u00f6tt. Zongor\u00e1t tan\u00edtott, tov\u00e1bb\u00e1 heged\u0171-, \u00e9s harmonikaszakot is szervezett. 1955-ben \u00e9nektan\u00e1r lett egy pesterzs\u00e9beti \u00e1ltal\u00e1nos iskol\u00e1ban.<\/p>\n\n\n\n<p>A Vakok \u00e9s Cs\u00f6kkentl\u00e1t\u00f3k Sz\u00f6vets\u00e9g\u00e9t\u0151l 1954-ben felk\u00e9rt\u00e9k a nagy m\u00falt\u00fa Hom\u00e9rosz-\u00e9nekkar vezet\u00e9s\u00e9re. Az akkori &#8222;Zenei szakoszt\u00e1ly&#8221; titk\u00e1r\u00e1nak is megv\u00e1lasztott\u00e1k, Aa &#8222;Zenei \u00e9rtes\u00edt\u0151&#8221; c\u00edm\u0171  foly\u00f3irat szerkeszt\u00e9s\u00e9t is elv\u00e1llalta. A szakoszt\u00e1ly eln\u00f6ke a kiv\u00e1l\u00f3 sorst\u00e1rs zongoram\u0171v\u00e9sz, Ung\u00e1r Imre volt. 13 \u00e9ven \u00e1t ir\u00e1ny\u00edtotta az \u00e9nekkart.  \u00c9lete legnagyobb pedag\u00f3giai siker\u00e9nek tartotta ezt az egy\u00fcttm\u0171k\u00f6d\u00e9st. <\/p>\n\n\n\n<p>\u00c9vente hangversenyt adtak a Zeneakad\u00e9mia nagyterm\u00e9ben, ahol kiv\u00e1l\u00f3 vak muzsikusok m\u0171k\u00f6dtek k\u00f6zre, mint az im\u00e9nt eml\u00edtett Ung\u00e1r Imre, Stomfai K\u00e1roly orgonam\u0171v\u00e9sz, Gavr\u00e1n R\u00f3za sz\u00f3l\u00f3\u00e9nekes \u00e9s m\u00e1sok. Az els\u0151 plak\u00e1tokon hirdetett koncertj\u00fck alkalm\u00e1val kedves tr\u00e9f\u00e1t eszeltek ki l\u00e1t\u00f3 bar\u00e1tai. Az \u00f6tvenes \u00e9vekben Hom\u00e9rosz nev\u00e9t &#8222;Homeros&#8221;-nak \u00edrt\u00e1k. H\u00e1rom Filharm\u00f3ni\u00e1s bar\u00e1t a koncert el\u0151tti est\u00e9n, a Nagyk\u00f6r\u00fat plak\u00e1tjain v\u00e9gig &#8222;\u00e1tjav\u00edtott\u00e1k&#8221; h\u0151m\u00e9r\u0151s \u00e9nekkar&#8221;-ra. M\u00e1snap az Orsz\u00e1gos Filharm\u00f3ni\u00e1ban d\u00fch\u00f6sen reklam\u00e1lt. Kider\u00fclt, hogy a tettesek a cimbor\u00e1i voltak. Att\u00f3l fogva csak &#8222;H\u0151m\u00e9r\u0151s\u00f6k&#8221;-nek nevezt\u00e9k a k\u00f3rust.<\/p>\n\n\n\n<p>1964-ben megh\u00edvta Jutta Grimm m\u0171v\u00e9szn\u0151t, a lipcsei Tam\u00e1s templom orgonist\u00e1j\u00e1t, aki csembal\u00f3n k\u00eds\u00e9rte a k\u00f3rust a Bart\u00f3k-teremben tartott hangversenyen. A m\u0171sor m\u00e1sodik r\u00e9sz\u00e9ben Kod\u00e1ly m\u0171veit \u00e9nekelt\u00e9k. Tiszteletb\u0151l megh\u00edvt\u00e1k a mestert is. Legnagyobb \u00e1mulatukra Kod\u00e1ly elj\u00f6tt \u00e9s elismer\u0151 szavakkal m\u00e9ltatta az \u00e9nekkar teljes\u00edtm\u00e9ny\u00e9t. Ugyanebben az \u00e9vben kislemezen \u00f6r\u00f6k\u00edtett\u00e9k meg az \u00e9nekkar produkci\u00f3j\u00e1t.<\/p>\n\n\n\n<p>A 60-as \u00e9vekben Sz\u00e9kesfeh\u00e9rv\u00e1rra k\u00f6lt\u00f6z\u00f6tt, ahol a v\u00e1rosi Hermann L\u00e1szl\u00f3 Zeneiskola \u00e9s Zenem\u0171v\u00e9szeti Szakk\u00f6z\u00e9piskola zongora \u00e9s zeneelm\u00e9let tan\u00e1ra lett. V\u00e9gre a szeretett t\u00e1rgyait tan\u00edthatta. Emellett az akkori Orsz\u00e1gos Filharm\u00f3nia megyei megb\u00edzottjak\u00e9nt hangversenyeket szervezett 32 \u00e9ven \u00e1t. T\u00f6bbek k\u00f6z\u00f6tt az Ung\u00e1ria zongoran\u00e9gyes lemezbemutat\u00f3 hangverseny\u00e9t, valamint a MVGyOSz 80 \u00e9ves fenn\u00e1ll\u00e1s\u00e1nak alkalm\u00e1b\u00f3l kiadott CD bemutat\u00f3j\u00e1t. Kultur\u00e1lis t\u00e9ren seg\u00edtette a sz\u00f6vets\u00e9g sz\u00e9kesfeh\u00e9rv\u00e1ri szervezet\u00e9nek  munk\u00e1j\u00e1t.<\/p>\n\n\n\n<p>Sokr\u00e9t\u0171 tev\u00e9kenys\u00e9g\u00e9\u00e9rt  1965-ben a Vakok sz\u00f6vets\u00e9ge Braille-eml\u00e9k\u00e9remmel t\u00fcntette ki. 1991-ben a Fej\u00e9r-megyei \u00f6nkorm\u00e1nyzat V\u00f6r\u00f6smarty-d\u00edjjal jutalmazta, majd a v\u00e1rosi \u00f6nkorm\u00e1nyzatt\u00f3l Sz\u00e9kesfeh\u00e9rv\u00e1r kult\u00far\u00e1j\u00e1\u00e9rt kit\u00fcntet\u00e9st kapott.<\/p>\n\n\n\n<p>Mindezt a marad\u00e9k l\u00e1t\u00e1s\u00e1t kihaszn\u00e1lva, \u00e9s a teljes l\u00e1t\u00e1s hi\u00e1ny\u00e1t agymunk\u00e1val p\u00f3tolva tudta v\u00e9ghezvinni. Mindent k\u00edv\u00fclr\u0151l megtanult. A vakok Hom\u00e9rosz-k\u00f3rus\u00e1t egyezm\u00e9nyes hangjelekkel vez\u00e9nyelte.<\/p>\n\n\n\n<p>N\u00e9meth Tam\u00e1s cikke alapj\u00e1n, mely megjelent a Vakok Vil\u00e1ga, c\u00edm\u0171 foly\u00f3irat 1999 decemberi sz\u00e1m\u00e1ban.<\/p>\n","protected":false},"excerpt":{"rendered":"<p> <a class=\"continue-reading-link\" href=\"https:\/\/www.vakisk.hu\/?page_id=2690\">Tov\u00e1bb <span class=\"meta-nav\">&rarr; <\/span><\/a><\/p>\n","protected":false},"author":1,"featured_media":0,"parent":2482,"menu_order":0,"comment_status":"open","ping_status":"closed","template":"","meta":{"footnotes":""},"class_list":["post-2690","page","type-page","status-publish","hentry"],"_links":{"self":[{"href":"https:\/\/www.vakisk.hu\/index.php?rest_route=\/wp\/v2\/pages\/2690","targetHints":{"allow":["GET"]}}],"collection":[{"href":"https:\/\/www.vakisk.hu\/index.php?rest_route=\/wp\/v2\/pages"}],"about":[{"href":"https:\/\/www.vakisk.hu\/index.php?rest_route=\/wp\/v2\/types\/page"}],"author":[{"embeddable":true,"href":"https:\/\/www.vakisk.hu\/index.php?rest_route=\/wp\/v2\/users\/1"}],"replies":[{"embeddable":true,"href":"https:\/\/www.vakisk.hu\/index.php?rest_route=%2Fwp%2Fv2%2Fcomments&post=2690"}],"version-history":[{"count":0,"href":"https:\/\/www.vakisk.hu\/index.php?rest_route=\/wp\/v2\/pages\/2690\/revisions"}],"up":[{"embeddable":true,"href":"https:\/\/www.vakisk.hu\/index.php?rest_route=\/wp\/v2\/pages\/2482"}],"wp:attachment":[{"href":"https:\/\/www.vakisk.hu\/index.php?rest_route=%2Fwp%2Fv2%2Fmedia&parent=2690"}],"curies":[{"name":"wp","href":"https:\/\/api.w.org\/{rel}","templated":true}]}}