{"id":2987,"date":"2020-10-04T15:37:20","date_gmt":"2020-10-04T13:37:20","guid":{"rendered":"https:\/\/www.vakisk.hu\/?page_id=2987"},"modified":"2020-10-04T15:39:34","modified_gmt":"2020-10-04T13:39:34","slug":"e-kreta-negyedeves-tajekoztatok","status":"publish","type":"page","link":"https:\/\/www.vakisk.hu\/?page_id=2987","title":{"rendered":"e-KR\u00c9TA negyed\u00e9ves t\u00e1j\u00e9koztat\u00f3k"},"content":{"rendered":"\n<div class=\"wp-block-image is-style-default\"><figure class=\"aligncenter size-large\"><img fetchpriority=\"high\" decoding=\"async\" width=\"360\" height=\"164\" src=\"https:\/\/www.vakisk.hu\/wp-content\/uploads\/2019\/10\/eKR\u00c9TA_Logo1.jpg\" alt=\"e-KR\u00c9TA Iskolai Alaprendszer logo\" class=\"wp-image-2062\" srcset=\"https:\/\/www.vakisk.hu\/wp-content\/uploads\/2019\/10\/eKR\u00c9TA_Logo1.jpg 360w, https:\/\/www.vakisk.hu\/wp-content\/uploads\/2019\/10\/eKR\u00c9TA_Logo1-300x137.jpg 300w, https:\/\/www.vakisk.hu\/wp-content\/uploads\/2019\/10\/eKR\u00c9TA_Logo1-150x68.jpg 150w, https:\/\/www.vakisk.hu\/wp-content\/uploads\/2019\/10\/eKR\u00c9TA_Logo1-250x114.jpg 250w\" sizes=\"(max-width: 360px) 100vw, 360px\" \/><\/figure><\/div>\n\n\n\n<p class=\"has-text-align-center\"><strong>Az al\u00e1bbiakban megtal\u00e1ljuk az e-KR\u00c9TA negyed\u00e9ves t\u00e1j\u00e9koztat\u00f3it.<\/strong><br \/><strong>A kiadv\u00e1nyokat a bor\u00edt\u00f3ra kattintva nyithatjuk meg, illetve t\u00f6lthetj\u00fck le.<\/strong><\/p>\n\n\n\n<figure class=\"wp-block-image size-large is-style-default\"><a href=\"https:\/\/www.vakisk.hu\/wp-content\/uploads\/2020\/10\/KRETA_negyedeves_tajekoztato_202003_4.pdf\" target=\"_blank\" rel=\"noreferrer noopener\"><img decoding=\"async\" width=\"1024\" height=\"724\" src=\"https:\/\/www.vakisk.hu\/wp-content\/uploads\/2020\/10\/KRETA_negyedeves_tajekoztato_202003_4-1024x724.jpg\" alt=\"KR\u00c9TA negyed\u00e9ves t\u00e1j\u00e9koztat\u00f3, 2020 m\u00e1rcius, 4. sz\u00e1m\" class=\"wp-image-2999\" srcset=\"https:\/\/www.vakisk.hu\/wp-content\/uploads\/2020\/10\/KRETA_negyedeves_tajekoztato_202003_4-1024x724.jpg 1024w, https:\/\/www.vakisk.hu\/wp-content\/uploads\/2020\/10\/KRETA_negyedeves_tajekoztato_202003_4-300x212.jpg 300w, https:\/\/www.vakisk.hu\/wp-content\/uploads\/2020\/10\/KRETA_negyedeves_tajekoztato_202003_4-768x543.jpg 768w, https:\/\/www.vakisk.hu\/wp-content\/uploads\/2020\/10\/KRETA_negyedeves_tajekoztato_202003_4-1536x1086.jpg 1536w, https:\/\/www.vakisk.hu\/wp-content\/uploads\/2020\/10\/KRETA_negyedeves_tajekoztato_202003_4-2048x1448.jpg 2048w, https:\/\/www.vakisk.hu\/wp-content\/uploads\/2020\/10\/KRETA_negyedeves_tajekoztato_202003_4-150x106.jpg 150w\" sizes=\"(max-width: 1024px) 100vw, 1024px\" \/><\/a><figcaption>KR\u00c9TA negyed\u00e9ves t\u00e1j\u00e9koztat\u00f3, 2020 m\u00e1rcius, 4. sz\u00e1m<\/figcaption><\/figure>\n\n\n\n<figure class=\"wp-block-image size-large is-style-default\"><a href=\"https:\/\/www.vakisk.hu\/wp-content\/uploads\/2020\/10\/KRETA_negyedeves_tajekoztato_201911_3.pdf\" target=\"_blank\" rel=\"noreferrer noopener\"><img decoding=\"async\" width=\"1024\" height=\"724\" src=\"https:\/\/www.vakisk.hu\/wp-content\/uploads\/2020\/10\/KRETA_negyedeves_tajekoztato_201911_3-1024x724.jpg\" alt=\"KR\u00c9TA negyed\u00e9ves t\u00e1j\u00e9koztat\u00f3, 2019 november, 3. sz\u00e1m\" class=\"wp-image-2997\" srcset=\"https:\/\/www.vakisk.hu\/wp-content\/uploads\/2020\/10\/KRETA_negyedeves_tajekoztato_201911_3-1024x724.jpg 1024w, https:\/\/www.vakisk.hu\/wp-content\/uploads\/2020\/10\/KRETA_negyedeves_tajekoztato_201911_3-300x212.jpg 300w, https:\/\/www.vakisk.hu\/wp-content\/uploads\/2020\/10\/KRETA_negyedeves_tajekoztato_201911_3-768x543.jpg 768w, https:\/\/www.vakisk.hu\/wp-content\/uploads\/2020\/10\/KRETA_negyedeves_tajekoztato_201911_3-1536x1086.jpg 1536w, https:\/\/www.vakisk.hu\/wp-content\/uploads\/2020\/10\/KRETA_negyedeves_tajekoztato_201911_3-2048x1448.jpg 2048w, https:\/\/www.vakisk.hu\/wp-content\/uploads\/2020\/10\/KRETA_negyedeves_tajekoztato_201911_3-150x106.jpg 150w\" sizes=\"(max-width: 1024px) 100vw, 1024px\" \/><\/a><figcaption>KR\u00c9TA negyed\u00e9ves t\u00e1j\u00e9koztat\u00f3, 2019 november, 3. sz\u00e1m<\/figcaption><\/figure>\n\n\n\n<figure class=\"wp-block-image size-large is-style-default\"><a href=\"https:\/\/www.vakisk.hu\/wp-content\/uploads\/2020\/10\/KRETA_negyedeves_tajekoztato_201907_2.pdf\" target=\"_blank\" rel=\"noopener noreferrer\"><img loading=\"lazy\" decoding=\"async\" width=\"1024\" height=\"724\" src=\"https:\/\/www.vakisk.hu\/wp-content\/uploads\/2020\/10\/KRETA_negyedeves_tajekoztato_201907_2-1024x724.jpg\" alt=\"KR\u00c9TA negyed\u00e9ves t\u00e1j\u00e9koztat\u00f3, 2019 j\u00falius, 2. sz\u00e1m\" class=\"wp-image-2995\" srcset=\"https:\/\/www.vakisk.hu\/wp-content\/uploads\/2020\/10\/KRETA_negyedeves_tajekoztato_201907_2-1024x724.jpg 1024w, https:\/\/www.vakisk.hu\/wp-content\/uploads\/2020\/10\/KRETA_negyedeves_tajekoztato_201907_2-300x212.jpg 300w, https:\/\/www.vakisk.hu\/wp-content\/uploads\/2020\/10\/KRETA_negyedeves_tajekoztato_201907_2-768x543.jpg 768w, https:\/\/www.vakisk.hu\/wp-content\/uploads\/2020\/10\/KRETA_negyedeves_tajekoztato_201907_2-1536x1086.jpg 1536w, https:\/\/www.vakisk.hu\/wp-content\/uploads\/2020\/10\/KRETA_negyedeves_tajekoztato_201907_2-2048x1448.jpg 2048w, https:\/\/www.vakisk.hu\/wp-content\/uploads\/2020\/10\/KRETA_negyedeves_tajekoztato_201907_2-150x106.jpg 150w\" sizes=\"(max-width: 1024px) 100vw, 1024px\" \/><\/a><figcaption>KR\u00c9TA negyed\u00e9ves t\u00e1j\u00e9koztat\u00f3, 2019 j\u00falius, 2. sz\u00e1m<\/figcaption><\/figure>\n\n\n\n<figure class=\"wp-block-image size-large\"><a href=\"https:\/\/www.vakisk.hu\/wp-content\/uploads\/2020\/10\/KRETA_negyedeves_tajekoztato_201904_1.pdf\" target=\"_blank\" rel=\"noopener noreferrer\"><img loading=\"lazy\" decoding=\"async\" width=\"1024\" height=\"724\" src=\"https:\/\/www.vakisk.hu\/wp-content\/uploads\/2020\/10\/KRETA_negyedeves_tajekoztato_201904_1-1024x724.jpg\" alt=\"KR\u00c9TA negyed\u00e9ves t\u00e1j\u00e9koztat\u00f3, 2019 \u00e1prilis, 1. sz\u00e1m\" class=\"wp-image-2993\" srcset=\"https:\/\/www.vakisk.hu\/wp-content\/uploads\/2020\/10\/KRETA_negyedeves_tajekoztato_201904_1-1024x724.jpg 1024w, https:\/\/www.vakisk.hu\/wp-content\/uploads\/2020\/10\/KRETA_negyedeves_tajekoztato_201904_1-300x212.jpg 300w, https:\/\/www.vakisk.hu\/wp-content\/uploads\/2020\/10\/KRETA_negyedeves_tajekoztato_201904_1-768x543.jpg 768w, https:\/\/www.vakisk.hu\/wp-content\/uploads\/2020\/10\/KRETA_negyedeves_tajekoztato_201904_1-1536x1086.jpg 1536w, https:\/\/www.vakisk.hu\/wp-content\/uploads\/2020\/10\/KRETA_negyedeves_tajekoztato_201904_1-2048x1448.jpg 2048w, https:\/\/www.vakisk.hu\/wp-content\/uploads\/2020\/10\/KRETA_negyedeves_tajekoztato_201904_1-150x106.jpg 150w\" sizes=\"(max-width: 1024px) 100vw, 1024px\" \/><\/a><figcaption>KR\u00c9TA negyed\u00e9ves t\u00e1j\u00e9koztat\u00f3, 2019 \u00e1prilis, 1. sz\u00e1m<\/figcaption><\/figure>\n","protected":false},"excerpt":{"rendered":"<p> <a class=\"continue-reading-link\" href=\"https:\/\/www.vakisk.hu\/?page_id=2987\">Tov\u00e1bb <span class=\"meta-nav\">&rarr; <\/span><\/a><\/p>\n","protected":false},"author":1,"featured_media":0,"parent":0,"menu_order":0,"comment_status":"open","ping_status":"closed","template":"","meta":{"footnotes":""},"class_list":["post-2987","page","type-page","status-publish","hentry"],"_links":{"self":[{"href":"https:\/\/www.vakisk.hu\/index.php?rest_route=\/wp\/v2\/pages\/2987","targetHints":{"allow":["GET"]}}],"collection":[{"href":"https:\/\/www.vakisk.hu\/index.php?rest_route=\/wp\/v2\/pages"}],"about":[{"href":"https:\/\/www.vakisk.hu\/index.php?rest_route=\/wp\/v2\/types\/page"}],"author":[{"embeddable":true,"href":"https:\/\/www.vakisk.hu\/index.php?rest_route=\/wp\/v2\/users\/1"}],"replies":[{"embeddable":true,"href":"https:\/\/www.vakisk.hu\/index.php?rest_route=%2Fwp%2Fv2%2Fcomments&post=2987"}],"version-history":[{"count":0,"href":"https:\/\/www.vakisk.hu\/index.php?rest_route=\/wp\/v2\/pages\/2987\/revisions"}],"wp:attachment":[{"href":"https:\/\/www.vakisk.hu\/index.php?rest_route=%2Fwp%2Fv2%2Fmedia&parent=2987"}],"curies":[{"name":"wp","href":"https:\/\/api.w.org\/{rel}","templated":true}]}}