{"id":608,"date":"2017-12-27T16:39:06","date_gmt":"2017-12-27T15:39:06","guid":{"rendered":"http:\/\/www.vakoda.hu\/?page_id=608"},"modified":"2025-04-05T07:37:13","modified_gmt":"2025-04-05T05:37:13","slug":"halmozottan-serultek-tagozata","status":"publish","type":"page","link":"https:\/\/www.vakisk.hu\/?page_id=608","title":{"rendered":"Halmozottan s\u00e9r\u00fcltek tagozata"},"content":{"rendered":"\t\t<div data-elementor-type=\"wp-page\" data-elementor-id=\"608\" class=\"elementor elementor-608\">\n\t\t\t\t\t\t<section class=\"elementor-section elementor-top-section elementor-element elementor-element-31142ec elementor-section-boxed elementor-section-height-default elementor-section-height-default\" data-id=\"31142ec\" data-element_type=\"section\" data-e-type=\"section\">\n\t\t\t\t\t\t<div class=\"elementor-container elementor-column-gap-default\">\n\t\t\t\t\t<div class=\"elementor-column elementor-col-100 elementor-top-column elementor-element elementor-element-35bcb22\" data-id=\"35bcb22\" data-element_type=\"column\" data-e-type=\"column\">\n\t\t\t<div class=\"elementor-widget-wrap elementor-element-populated\">\n\t\t\t\t\t\t<div class=\"elementor-element elementor-element-e64c374 elementor-widget elementor-widget-text-editor\" data-id=\"e64c374\" data-element_type=\"widget\" data-e-type=\"widget\" data-widget_type=\"text-editor.default\">\n\t\t\t\t<div class=\"elementor-widget-container\">\n\t\t\t\t\t\t\t\t\t<p>A tagozat az \u00e1ltal\u00e1nos iskol\u00e1hoz kapcsol\u00f3dik, amit legink\u00e1bb B-tagozat n\u00e9ven ismer mindenki.<\/p><p>A tanul\u00f3ink a L\u00e1t\u00e1svizsg\u00e1l\u00f3 Bizotts\u00e1g javaslata alapj\u00e1n \u2013 alapvet\u0151en az \u00e9rtelmi s\u00e9r\u00fcl\u00e9s\u00fck s\u00falyoss\u00e1ga miatt \u2013 ker\u00fclnek hozz\u00e1nk, \u00e9s n\u00e1lunk v\u00e9gzik \u201c\u00e1ltal\u00e1nos iskolai tanulm\u00e1nyaikat\u201d.<\/p><p>A legt\u00f6bben ma m\u00e1r, a szint\u00e9n az int\u00e9zm\u00e9nyhez tartoz\u00f3 \u00f3vod\u00e1ban kapnak n\u00e9h\u00e1ny \u00e9ves fejleszt\u00e9st, miel\u0151tt beker\u00fclnek az iskol\u00e1ba.<\/p>\t\t\t\t\t\t\t\t<\/div>\n\t\t\t\t<\/div>\n\t\t\t\t\t<\/div>\n\t\t<\/div>\n\t\t\t\t\t<\/div>\n\t\t<\/section>\n\t\t\t\t<section class=\"elementor-section elementor-top-section elementor-element elementor-element-8cb508a elementor-section-boxed elementor-section-height-default elementor-section-height-default\" data-id=\"8cb508a\" data-element_type=\"section\" data-e-type=\"section\">\n\t\t\t\t\t\t<div class=\"elementor-container elementor-column-gap-default\">\n\t\t\t\t\t<div class=\"elementor-column elementor-col-100 elementor-top-column elementor-element elementor-element-1c88830\" data-id=\"1c88830\" data-element_type=\"column\" data-e-type=\"column\">\n\t\t\t<div class=\"elementor-widget-wrap elementor-element-populated\">\n\t\t\t\t\t\t<div class=\"elementor-element elementor-element-c33bb54 elementor-widget elementor-widget-heading\" data-id=\"c33bb54\" data-element_type=\"widget\" data-e-type=\"widget\" data-widget_type=\"heading.default\">\n\t\t\t\t<div class=\"elementor-widget-container\">\n\t\t\t\t\t<h2 class=\"elementor-heading-title elementor-size-default\">Oktat\u00e1s-nevel\u00e9s<\/h2>\t\t\t\t<\/div>\n\t\t\t\t<\/div>\n\t\t\t\t\t<\/div>\n\t\t<\/div>\n\t\t\t\t\t<\/div>\n\t\t<\/section>\n\t\t\t\t<section class=\"elementor-section elementor-top-section elementor-element elementor-element-741d219 elementor-section-boxed elementor-section-height-default elementor-section-height-default\" data-id=\"741d219\" data-element_type=\"section\" data-e-type=\"section\">\n\t\t\t\t\t\t<div class=\"elementor-container elementor-column-gap-default\">\n\t\t\t\t\t<div class=\"elementor-column elementor-col-100 elementor-top-column elementor-element elementor-element-4570423\" data-id=\"4570423\" data-element_type=\"column\" data-e-type=\"column\">\n\t\t\t<div class=\"elementor-widget-wrap elementor-element-populated\">\n\t\t\t\t\t\t<div class=\"elementor-element elementor-element-191f9f6 elementor-widget elementor-widget-text-editor\" data-id=\"191f9f6\" data-element_type=\"widget\" data-e-type=\"widget\" data-widget_type=\"text-editor.default\">\n\t\t\t\t<div class=\"elementor-widget-container\">\n\t\t\t\t\t\t\t\t\t<p>A halmozott s\u00e9r\u00fcl\u00e9s jelen esetben az jelenti, hogy a s\u00falyos fok\u00fa l\u00e1t\u00e1ss\u00e9r\u00fcl\u00e9s \u00e9s \u00e9rtelmi s\u00e9r\u00fcl\u00e9s olyan saj\u00e1tos \u00e1llapotot eredm\u00e9nyez, ami speci\u00e1lis eszk\u00f6zt\u00e1rat \u00e9s m\u00f3dszereket k\u00edv\u00e1n meg, valamint a gyerekek nem k\u00e9pesek egykor\u00fa t\u00e1rsaikkal egy\u00fctt haladni az ismeretszerz\u00e9sben.<\/p><p>Ehhez a komplex s\u00e9r\u00fcl\u00e9shez t\u00e1rsulhat m\u00e9g mozg\u00e1ss\u00e9r\u00fcl\u00e9s, hall\u00e1ss\u00e9r\u00fcl\u00e9s, autisztikus viselked\u00e9s, epilepszia \u00e9s \u2013 d\u00f6nt\u0151en a kommunik\u00e1ci\u00f3 s\u00e9r\u00fclts\u00e9ge miatt \u2013 magatart\u00e1sprobl\u00e9m\u00e1k.<\/p><p>A gyerekek egyre s\u00falyosabb \u00e1llapota \u00e9s s\u00e9r\u00fcl\u00e9s\u00fck \u00f6sszetetts\u00e9ge miatt az \u00e9rtelmileg akad\u00e1lyozott gyerekek mellett s\u00falyos fokban \u00e9rtelmi s\u00e9r\u00fclt gyerekeknek is biztos\u00edtunk fejleszt\u00e9st. A nem besz\u00e9l\u0151 gyerekeket alternat\u00edv- \u00e9s augmentat\u00edv eszk\u00f6z\u00f6kkel seg\u00edtj\u00fck.<\/p><p>A fejleszt\u00e9s a helyi tanterv\u00fcnk fejleszt\u00e9si ter\u00fcleteit kibont\u00f3 egy\u00e9ni fejleszt\u00e9si tervek (EFT) alapj\u00e1n t\u00f6rt\u00e9nik, amiben minden egyes tanul\u00f3ra az adott tan\u00e9vre a k\u00fcl\u00f6nb\u00f6z\u0151 fejleszt\u00e9si ter\u00fcleteken konkr\u00e9t c\u00e9lokat fogalmazunk meg a tanul\u00f3val foglalkoz\u00f3 \u00f6sszes koll\u00e9ga bevon\u00e1s\u00e1val.<\/p><p>A fejleszt\u00e9s az al\u00e1bbi ter\u00fcleteken t\u00f6rt\u00e9nik:<\/p>\t\t\t\t\t\t\t\t<\/div>\n\t\t\t\t<\/div>\n\t\t\t\t\t<\/div>\n\t\t<\/div>\n\t\t\t\t\t<\/div>\n\t\t<\/section>\n\t\t\t\t<section class=\"elementor-section elementor-top-section elementor-element elementor-element-4a6d68b elementor-section-boxed elementor-section-height-default elementor-section-height-default\" data-id=\"4a6d68b\" data-element_type=\"section\" data-e-type=\"section\">\n\t\t\t\t\t\t<div class=\"elementor-container elementor-column-gap-default\">\n\t\t\t\t\t<div class=\"elementor-column elementor-col-100 elementor-top-column elementor-element elementor-element-f4ab318\" data-id=\"f4ab318\" data-element_type=\"column\" data-e-type=\"column\">\n\t\t\t<div class=\"elementor-widget-wrap elementor-element-populated\">\n\t\t\t\t\t\t<div class=\"elementor-element elementor-element-4c96e46 elementor-icon-list--layout-traditional elementor-list-item-link-full_width elementor-widget elementor-widget-icon-list\" data-id=\"4c96e46\" data-element_type=\"widget\" data-e-type=\"widget\" data-widget_type=\"icon-list.default\">\n\t\t\t\t<div class=\"elementor-widget-container\">\n\t\t\t\t\t\t\t<ul class=\"elementor-icon-list-items\">\n\t\t\t\t\t\t\t<li class=\"elementor-icon-list-item\">\n\t\t\t\t\t\t\t\t\t\t\t<span class=\"elementor-icon-list-icon\">\n\t\t\t\t\t\t\t<i aria-hidden=\"true\" class=\"fas fa-hand-point-right\"><\/i>\t\t\t\t\t\t<\/span>\n\t\t\t\t\t\t\t\t\t\t<span class=\"elementor-icon-list-text\">kommunik\u00e1ci\u00f3 \u00e9s besz\u00e9dfejleszt\u00e9s,<\/span>\n\t\t\t\t\t\t\t\t\t<\/li>\n\t\t\t\t\t\t\t\t<li class=\"elementor-icon-list-item\">\n\t\t\t\t\t\t\t\t\t\t\t<span class=\"elementor-icon-list-icon\">\n\t\t\t\t\t\t\t<i aria-hidden=\"true\" class=\"fas fa-hand-point-right\"><\/i>\t\t\t\t\t\t<\/span>\n\t\t\t\t\t\t\t\t\t\t<span class=\"elementor-icon-list-text\">gondolkod\u00e1s \/ kognit\u00edv ter\u00fclet,<\/span>\n\t\t\t\t\t\t\t\t\t<\/li>\n\t\t\t\t\t\t\t\t<li class=\"elementor-icon-list-item\">\n\t\t\t\t\t\t\t\t\t\t\t<span class=\"elementor-icon-list-icon\">\n\t\t\t\t\t\t\t<i aria-hidden=\"true\" class=\"fas fa-hand-point-right\"><\/i>\t\t\t\t\t\t<\/span>\n\t\t\t\t\t\t\t\t\t\t<span class=\"elementor-icon-list-text\">szoci\u00e1lis \u00e9s \u00e9rzelmi nevel\u00e9s,<\/span>\n\t\t\t\t\t\t\t\t\t<\/li>\n\t\t\t\t\t\t\t\t<li class=\"elementor-icon-list-item\">\n\t\t\t\t\t\t\t\t\t\t\t<span class=\"elementor-icon-list-icon\">\n\t\t\t\t\t\t\t<i aria-hidden=\"true\" class=\"fas fa-hand-point-right\"><\/i>\t\t\t\t\t\t<\/span>\n\t\t\t\t\t\t\t\t\t\t<span class=\"elementor-icon-list-text\">\u00f6nkiszolg\u00e1l\u00e1s,<\/span>\n\t\t\t\t\t\t\t\t\t<\/li>\n\t\t\t\t\t\t\t\t<li class=\"elementor-icon-list-item\">\n\t\t\t\t\t\t\t\t\t\t\t<span class=\"elementor-icon-list-icon\">\n\t\t\t\t\t\t\t<i aria-hidden=\"true\" class=\"fas fa-hand-point-right\"><\/i>\t\t\t\t\t\t<\/span>\n\t\t\t\t\t\t\t\t\t\t<span class=\"elementor-icon-list-text\">mozg\u00e1s- \u00e9s t\u00e1j\u00e9koz\u00f3d\u00e1snevel\u00e9s,<\/span>\n\t\t\t\t\t\t\t\t\t<\/li>\n\t\t\t\t\t\t\t\t<li class=\"elementor-icon-list-item\">\n\t\t\t\t\t\t\t\t\t\t\t<span class=\"elementor-icon-list-icon\">\n\t\t\t\t\t\t\t<i aria-hidden=\"true\" class=\"fas fa-hand-point-right\"><\/i>\t\t\t\t\t\t<\/span>\n\t\t\t\t\t\t\t\t\t\t<span class=\"elementor-icon-list-text\">j\u00e1t\u00e9k \u00e9s szabadid\u0151s nevel\u00e9s.<\/span>\n\t\t\t\t\t\t\t\t\t<\/li>\n\t\t\t\t\t\t<\/ul>\n\t\t\t\t\t\t<\/div>\n\t\t\t\t<\/div>\n\t\t\t\t\t<\/div>\n\t\t<\/div>\n\t\t\t\t\t<\/div>\n\t\t<\/section>\n\t\t\t\t<section class=\"elementor-section elementor-top-section elementor-element elementor-element-c70ddf7 elementor-section-boxed elementor-section-height-default elementor-section-height-default\" data-id=\"c70ddf7\" data-element_type=\"section\" data-e-type=\"section\">\n\t\t\t\t\t\t<div class=\"elementor-container elementor-column-gap-default\">\n\t\t\t\t\t<div class=\"elementor-column elementor-col-100 elementor-top-column elementor-element elementor-element-b967068\" data-id=\"b967068\" data-element_type=\"column\" data-e-type=\"column\">\n\t\t\t<div class=\"elementor-widget-wrap elementor-element-populated\">\n\t\t\t\t\t\t<div class=\"elementor-element elementor-element-a9b8796 elementor-widget elementor-widget-text-editor\" data-id=\"a9b8796\" data-element_type=\"widget\" data-e-type=\"widget\" data-widget_type=\"text-editor.default\">\n\t\t\t\t<div class=\"elementor-widget-container\">\n\t\t\t\t\t\t\t\t\t<p>A tananyagot, ami z\u00f6m\u00e9ben a gyerekek sz\u0171kebb \u00e9s t\u00e1gabb k\u00f6rnyezet\u00e9ben t\u00f6rt\u00e9n\u0151 id\u0151beli \u00e9s t\u00e9rbeli t\u00e1j\u00e9koz\u00f3d\u00e1st, alapvet\u0151 fogalmak kialak\u00edt\u00e1s\u00e1t, konkr\u00e9t tapasztalatszerz\u00e9st \u00e9s az egy\u00e9n k\u00e9pess\u00e9geihez m\u00e9rt maxim\u00e1lis \u00f6n\u00e1ll\u00f3s\u00e1got t\u0171zi c\u00e9lul, 1-2 hetes \u00fagynevezett t\u00e9m\u00e1kra bontjuk, amit minden foglakoz\u00e1son pr\u00f3b\u00e1lunk megjelen\u00edteni \u00e9s \u00edgy t\u00f6bb oldalr\u00f3l is meger\u0151s\u00edteni.<\/p><p>A tan\u00edt\u00e1s kiscsoportokban (3-4-5 f\u0151) t\u00f6rt\u00e9nik az \u00f6sszet\u00e9tel gondos m\u00e9rlegel\u00e9s\u00e9vel.<\/p><p>C\u00e9lunk ugyan a csoport\u00e9lm\u00e9ny meg\u00e9l\u00e9se, a gyerekek egym\u00e1s k\u00f6z\u00f6tti kapcsolat\u00e1nak \u00f6szt\u00f6nz\u00e9se, de a fejleszt\u00e9s folyamatosan szem\u00e9lyre szabottan \u00e9s m\u00e9g az asszisztensek mellet is \u00e1lland\u00f3 forg\u00f3rendszerben m\u0171k\u00f6dhet csak.<\/p><p>Alapvet\u0151en nem ter\u00e1piaorient\u00e1lt a tagozaton foly\u00f3 munka, igyeksz\u00fcnk a tanul\u00f3csoportban \u00e9s a h\u00e9tk\u00f6znapi szitu\u00e1ci\u00f3kba integr\u00e1ltan \u2013 mesters\u00e9ges feladathelyzeteket minimaliz\u00e1lva \u2013 a k\u00fcl\u00f6nb\u00f6z\u0151 k\u00e9pess\u00e9geket nem izol\u00e1ltan fejleszteni.<\/p><p>Term\u00e9szetesen az oszt\u00e1lyokat ir\u00e1ny\u00edt\u00f3 pedag\u00f3gusok mellett dolgoznak asszisztensek, gyermekfel\u00fcgyel\u0151k, mozg\u00e1sfejleszt\u0151k, konduktorok a tagozaton. A munk\u00e1nkat seg\u00edti m\u00e9g gyermek pszichi\u00e1ter, ortop\u00e9d orvos, pszichol\u00f3gus sz\u00fcks\u00e9g szerint.<\/p>\t\t\t\t\t\t\t\t<\/div>\n\t\t\t\t<\/div>\n\t\t\t\t\t<\/div>\n\t\t<\/div>\n\t\t\t\t\t<\/div>\n\t\t<\/section>\n\t\t\t\t<section class=\"elementor-section elementor-top-section elementor-element elementor-element-cbcfa07 elementor-section-boxed elementor-section-height-default elementor-section-height-default\" data-id=\"cbcfa07\" data-element_type=\"section\" data-e-type=\"section\">\n\t\t\t\t\t\t<div class=\"elementor-container elementor-column-gap-default\">\n\t\t\t\t\t<div class=\"elementor-column elementor-col-100 elementor-top-column elementor-element elementor-element-a15a0c4\" data-id=\"a15a0c4\" data-element_type=\"column\" data-e-type=\"column\">\n\t\t\t<div class=\"elementor-widget-wrap elementor-element-populated\">\n\t\t\t\t\t\t<div class=\"elementor-element elementor-element-9cf04b6 elementor-widget elementor-widget-text-editor\" data-id=\"9cf04b6\" data-element_type=\"widget\" data-e-type=\"widget\" data-widget_type=\"text-editor.default\">\n\t\t\t\t<div class=\"elementor-widget-container\">\n\t\t\t\t\t\t\t\t\t<p style=\"text-align: right;\"><strong>V\u00c9GE\u00a0\u00a0 <br \/><\/strong><\/p>\t\t\t\t\t\t\t\t<\/div>\n\t\t\t\t<\/div>\n\t\t\t\t\t<\/div>\n\t\t<\/div>\n\t\t\t\t\t<\/div>\n\t\t<\/section>\n\t\t\t\t<\/div>\n\t\t","protected":false},"excerpt":{"rendered":"<p> <a class=\"continue-reading-link\" href=\"https:\/\/www.vakisk.hu\/?page_id=608\">Tov\u00e1bb <span class=\"meta-nav\">&rarr; <\/span><\/a><\/p>\n","protected":false},"author":1,"featured_media":0,"parent":0,"menu_order":0,"comment_status":"closed","ping_status":"closed","template":"","meta":{"footnotes":""},"class_list":["post-608","page","type-page","status-publish","hentry"],"_links":{"self":[{"href":"https:\/\/www.vakisk.hu\/index.php?rest_route=\/wp\/v2\/pages\/608","targetHints":{"allow":["GET"]}}],"collection":[{"href":"https:\/\/www.vakisk.hu\/index.php?rest_route=\/wp\/v2\/pages"}],"about":[{"href":"https:\/\/www.vakisk.hu\/index.php?rest_route=\/wp\/v2\/types\/page"}],"author":[{"embeddable":true,"href":"https:\/\/www.vakisk.hu\/index.php?rest_route=\/wp\/v2\/users\/1"}],"replies":[{"embeddable":true,"href":"https:\/\/www.vakisk.hu\/index.php?rest_route=%2Fwp%2Fv2%2Fcomments&post=608"}],"version-history":[{"count":0,"href":"https:\/\/www.vakisk.hu\/index.php?rest_route=\/wp\/v2\/pages\/608\/revisions"}],"wp:attachment":[{"href":"https:\/\/www.vakisk.hu\/index.php?rest_route=%2Fwp%2Fv2%2Fmedia&parent=608"}],"curies":[{"name":"wp","href":"https:\/\/api.w.org\/{rel}","templated":true}]}}