{"id":7244,"date":"2024-06-03T17:00:00","date_gmt":"2024-06-03T15:00:00","guid":{"rendered":"https:\/\/www.vakisk.hu\/?page_id=7244"},"modified":"2025-04-05T07:39:01","modified_gmt":"2025-04-05T05:39:01","slug":"just-two-steps-cbm-italia","status":"publish","type":"page","link":"https:\/\/www.vakisk.hu\/?page_id=7244","title":{"rendered":"Just two steps (Csak k\u00e9t l\u00e9p\u00e9s) &#8211; az inkl\u00fazi\u00f3 \u00e9s a r\u00e9szv\u00e9tel iskol\u00e1i"},"content":{"rendered":"\t\t<div data-elementor-type=\"wp-page\" data-elementor-id=\"7244\" class=\"elementor elementor-7244\">\n\t\t\t\t\t\t<section class=\"elementor-section elementor-top-section elementor-element elementor-element-908d2d6 elementor-section-boxed elementor-section-height-default elementor-section-height-default\" data-id=\"908d2d6\" data-element_type=\"section\" data-e-type=\"section\">\n\t\t\t\t\t\t<div class=\"elementor-container elementor-column-gap-default\">\n\t\t\t\t\t<div class=\"elementor-column elementor-col-100 elementor-top-column elementor-element elementor-element-cb95034\" data-id=\"cb95034\" data-element_type=\"column\" data-e-type=\"column\">\n\t\t\t<div class=\"elementor-widget-wrap elementor-element-populated\">\n\t\t\t\t\t\t<div class=\"elementor-element elementor-element-f582ebc elementor-invisible elementor-widget elementor-widget-image\" data-id=\"f582ebc\" data-element_type=\"widget\" data-e-type=\"widget\" data-settings=\"{&quot;_animation&quot;:&quot;zoomIn&quot;}\" data-widget_type=\"image.default\">\n\t\t\t\t<div class=\"elementor-widget-container\">\n\t\t\t\t\t\t\t\t\t\t\t\t\t\t\t\t<a href=\"https:\/\/www.vakisk.hu\/wp-content\/uploads\/2024\/06\/Just-two-steps-Csak-ket-lepes-CBM-logo.jpg\" data-elementor-open-lightbox=\"yes\" data-elementor-lightbox-title=\"Just two steps (Csak k\u00e9t l\u00e9p\u00e9s)-CBM logo\" data-elementor-lightbox-description=\"Just two steps (Csak k\u00e9t l\u00e9p\u00e9s)-CBM logo\" data-e-action-hash=\"#elementor-action%3Aaction%3Dlightbox%26settings%3DeyJpZCI6NzI2NywidXJsIjoiaHR0cHM6XC9cL3d3dy52YWtpc2suaHVcL3dwLWNvbnRlbnRcL3VwbG9hZHNcLzIwMjRcLzA2XC9KdXN0LXR3by1zdGVwcy1Dc2FrLWtldC1sZXBlcy1DQk0tbG9nby5qcGcifQ%3D%3D\">\n\t\t\t\t\t\t\t<img fetchpriority=\"high\" decoding=\"async\" width=\"800\" height=\"566\" src=\"https:\/\/www.vakisk.hu\/wp-content\/uploads\/2024\/06\/Just-two-steps-Csak-ket-lepes-CBM-logo-1024x724.jpg\" class=\"elementor-animation-buzz-out attachment-large size-large wp-image-7267\" alt=\"Just two steps (Csak k\u00e9t l\u00e9p\u00e9s)-CBM logo\" srcset=\"https:\/\/www.vakisk.hu\/wp-content\/uploads\/2024\/06\/Just-two-steps-Csak-ket-lepes-CBM-logo-1024x724.jpg 1024w, https:\/\/www.vakisk.hu\/wp-content\/uploads\/2024\/06\/Just-two-steps-Csak-ket-lepes-CBM-logo-300x212.jpg 300w, https:\/\/www.vakisk.hu\/wp-content\/uploads\/2024\/06\/Just-two-steps-Csak-ket-lepes-CBM-logo-768x543.jpg 768w, https:\/\/www.vakisk.hu\/wp-content\/uploads\/2024\/06\/Just-two-steps-Csak-ket-lepes-CBM-logo-1536x1086.jpg 1536w, https:\/\/www.vakisk.hu\/wp-content\/uploads\/2024\/06\/Just-two-steps-Csak-ket-lepes-CBM-logo-150x106.jpg 150w, https:\/\/www.vakisk.hu\/wp-content\/uploads\/2024\/06\/Just-two-steps-Csak-ket-lepes-CBM-logo.jpg 1755w\" sizes=\"(max-width: 800px) 100vw, 800px\" \/>\t\t\t\t\t\t\t\t<\/a>\n\t\t\t\t\t\t\t\t\t\t\t\t\t\t\t<\/div>\n\t\t\t\t<\/div>\n\t\t\t\t\t<\/div>\n\t\t<\/div>\n\t\t\t\t\t<\/div>\n\t\t<\/section>\n\t\t\t\t<section class=\"elementor-section elementor-top-section elementor-element elementor-element-78f1181 elementor-section-boxed elementor-section-height-default elementor-section-height-default\" data-id=\"78f1181\" data-element_type=\"section\" data-e-type=\"section\">\n\t\t\t\t\t\t<div class=\"elementor-container elementor-column-gap-default\">\n\t\t\t\t\t<div class=\"elementor-column elementor-col-100 elementor-top-column elementor-element elementor-element-79888b1\" data-id=\"79888b1\" data-element_type=\"column\" data-e-type=\"column\">\n\t\t\t<div class=\"elementor-widget-wrap elementor-element-populated\">\n\t\t\t\t\t\t<div class=\"elementor-element elementor-element-0a4769c elementor-widget elementor-widget-heading\" data-id=\"0a4769c\" data-element_type=\"widget\" data-e-type=\"widget\" data-widget_type=\"heading.default\">\n\t\t\t\t<div class=\"elementor-widget-container\">\n\t\t\t\t\t<h2 class=\"elementor-heading-title elementor-size-default\">Projektbesz\u00e1mol\u00f3<\/h2>\t\t\t\t<\/div>\n\t\t\t\t<\/div>\n\t\t\t\t\t<\/div>\n\t\t<\/div>\n\t\t\t\t\t<\/div>\n\t\t<\/section>\n\t\t\t\t<section class=\"elementor-section elementor-top-section elementor-element elementor-element-4fc0e39 elementor-section-boxed elementor-section-height-default elementor-section-height-default\" data-id=\"4fc0e39\" data-element_type=\"section\" data-e-type=\"section\">\n\t\t\t\t\t\t<div class=\"elementor-container elementor-column-gap-default\">\n\t\t\t\t\t<div class=\"elementor-column elementor-col-100 elementor-top-column elementor-element elementor-element-eb01c91\" data-id=\"eb01c91\" data-element_type=\"column\" data-e-type=\"column\">\n\t\t\t<div class=\"elementor-widget-wrap elementor-element-populated\">\n\t\t\t\t\t\t<div class=\"elementor-element elementor-element-a6fcdb5 elementor-widget elementor-widget-text-editor\" data-id=\"a6fcdb5\" data-element_type=\"widget\" data-e-type=\"widget\" data-widget_type=\"text-editor.default\">\n\t\t\t\t<div class=\"elementor-widget-container\">\n\t\t\t\t\t\t\t\t\t<p><strong>A \u201eJust two steps: az inkl\u00fazi\u00f3 \u00e9s a r\u00e9szv\u00e9tel iskol\u00e1i\u201d projekt Olaszorsz\u00e1g \u00e9s Magyarorsz\u00e1g r\u00e9szv\u00e9tel\u00e9vel val\u00f3sul meg az Eur\u00f3pai Uni\u00f3 Erasmus+ programj\u00e1nak finansz\u00edroz\u00e1s\u00e1val.<\/strong><\/p><p>A c\u00e9l az, hogy az iskol\u00e1kban min\u00e9l jobban megval\u00f3suljon az inkl\u00fazi\u00f3, \u00e9s akad\u00e1lymentesek legyenek az iskol\u00e1k, ahol minden gyermek &#8211; legyen az fogyat\u00e9kkal \u00e9l\u0151 vagy fogyat\u00e9k n\u00e9lk\u00fcl \u00e9l\u0151 &#8211; teljes m\u00e9rt\u00e9kben ki tudja bontakoztatni az \u00e9rt\u00e9keit: a szem\u00e9lyis\u00e9g\u00e9t, a tehets\u00e9g\u00e9t, a kreativit\u00e1s\u00e1t \u00e9s a k\u00e9szs\u00e9geit.<\/p><p>E c\u00e9l el\u00e9r\u00e9se \u00e9rdek\u00e9ben a projekt az iskolai alkalmazottak ismereteinek \u00e9s k\u00e9szs\u00e9geinek fejleszt\u00e9s\u00e9re \u00f6sszpontos\u00edt minden ter\u00fcleten, \u00e9s bevonja az oktat\u00e1sban \u00e9rintett teljes k\u00f6z\u00f6ss\u00e9get (tan\u00e1rokat, csal\u00e1dokat \u00e9s di\u00e1kokat).<\/p><p>A projekt r\u00e9szleteit itt tal\u00e1lod <a href=\"https:\/\/www.vakisk.hu\/wp-content\/uploads\/2024\/06\/Just-two-steps-Csak-ket-lepes.docx\" target=\"_blank\" rel=\"noopener\">Word DOCX<\/a> \u00e9s <a href=\"https:\/\/www.vakisk.hu\/wp-content\/uploads\/2024\/06\/Just-two-steps-Csak-ket-lepes.pdf\" target=\"_blank\" rel=\"noopener\">Adobe PDF<\/a> form\u00e1tumban.<\/p><p style=\"text-align: right;\">D\u00e1vidh\u00e1zy Szilvia<\/p>\t\t\t\t\t\t\t\t<\/div>\n\t\t\t\t<\/div>\n\t\t\t\t\t<\/div>\n\t\t<\/div>\n\t\t\t\t\t<\/div>\n\t\t<\/section>\n\t\t\t\t<section class=\"elementor-section elementor-top-section elementor-element elementor-element-e100143 elementor-section-boxed elementor-section-height-default elementor-section-height-default\" data-id=\"e100143\" data-element_type=\"section\" data-e-type=\"section\">\n\t\t\t\t\t\t<div class=\"elementor-container elementor-column-gap-default\">\n\t\t\t\t\t<div class=\"elementor-column elementor-col-100 elementor-top-column elementor-element elementor-element-e8fed3e\" data-id=\"e8fed3e\" data-element_type=\"column\" data-e-type=\"column\">\n\t\t\t<div class=\"elementor-widget-wrap elementor-element-populated\">\n\t\t\t\t\t\t<div class=\"elementor-element elementor-element-258e312 elementor-widget elementor-widget-text-editor\" data-id=\"258e312\" data-element_type=\"widget\" data-e-type=\"widget\" data-widget_type=\"text-editor.default\">\n\t\t\t\t<div class=\"elementor-widget-container\">\n\t\t\t\t\t\t\t\t\t<p style=\"text-align: right;\"><strong>V\u00c9GE\u00a0\u00a0 <br \/><\/strong><\/p>\t\t\t\t\t\t\t\t<\/div>\n\t\t\t\t<\/div>\n\t\t\t\t\t<\/div>\n\t\t<\/div>\n\t\t\t\t\t<\/div>\n\t\t<\/section>\n\t\t\t\t<\/div>\n\t\t","protected":false},"excerpt":{"rendered":"<p> <a class=\"continue-reading-link\" href=\"https:\/\/www.vakisk.hu\/?page_id=7244\">Tov\u00e1bb <span class=\"meta-nav\">&rarr; <\/span><\/a><\/p>\n","protected":false},"author":1,"featured_media":7267,"parent":0,"menu_order":0,"comment_status":"open","ping_status":"closed","template":"","meta":{"footnotes":""},"class_list":["post-7244","page","type-page","status-publish","has-post-thumbnail","hentry"],"_links":{"self":[{"href":"https:\/\/www.vakisk.hu\/index.php?rest_route=\/wp\/v2\/pages\/7244","targetHints":{"allow":["GET"]}}],"collection":[{"href":"https:\/\/www.vakisk.hu\/index.php?rest_route=\/wp\/v2\/pages"}],"about":[{"href":"https:\/\/www.vakisk.hu\/index.php?rest_route=\/wp\/v2\/types\/page"}],"author":[{"embeddable":true,"href":"https:\/\/www.vakisk.hu\/index.php?rest_route=\/wp\/v2\/users\/1"}],"replies":[{"embeddable":true,"href":"https:\/\/www.vakisk.hu\/index.php?rest_route=%2Fwp%2Fv2%2Fcomments&post=7244"}],"version-history":[{"count":0,"href":"https:\/\/www.vakisk.hu\/index.php?rest_route=\/wp\/v2\/pages\/7244\/revisions"}],"wp:featuredmedia":[{"embeddable":true,"href":"https:\/\/www.vakisk.hu\/index.php?rest_route=\/wp\/v2\/media\/7267"}],"wp:attachment":[{"href":"https:\/\/www.vakisk.hu\/index.php?rest_route=%2Fwp%2Fv2%2Fmedia&parent=7244"}],"curies":[{"name":"wp","href":"https:\/\/api.w.org\/{rel}","templated":true}]}}