{"id":99,"date":"2017-05-29T17:07:02","date_gmt":"2017-05-29T15:07:02","guid":{"rendered":"http:\/\/www.grezner.nhely.hu\/?page_id=99"},"modified":"2025-04-05T07:51:49","modified_gmt":"2025-04-05T05:51:49","slug":"szakiskola","status":"publish","type":"page","link":"https:\/\/www.vakisk.hu\/?page_id=99","title":{"rendered":"Szakiskola"},"content":{"rendered":"\t\t<div data-elementor-type=\"wp-page\" data-elementor-id=\"99\" class=\"elementor elementor-99\">\n\t\t\t\t\t\t<section class=\"elementor-section elementor-top-section elementor-element elementor-element-f49e2f1 elementor-section-boxed elementor-section-height-default elementor-section-height-default\" data-id=\"f49e2f1\" data-element_type=\"section\" data-e-type=\"section\">\n\t\t\t\t\t\t<div class=\"elementor-container elementor-column-gap-default\">\n\t\t\t\t\t<div class=\"elementor-column elementor-col-100 elementor-top-column elementor-element elementor-element-a30745c\" data-id=\"a30745c\" data-element_type=\"column\" data-e-type=\"column\">\n\t\t\t<div class=\"elementor-widget-wrap elementor-element-populated\">\n\t\t\t\t\t\t<div class=\"elementor-element elementor-element-5e1f379 elementor-widget elementor-widget-text-editor\" data-id=\"5e1f379\" data-element_type=\"widget\" data-e-type=\"widget\" data-widget_type=\"text-editor.default\">\n\t\t\t\t<div class=\"elementor-widget-container\">\n\t\t\t\t\t\t\t\t\t<p><\/p>\n<p>Nagy m\u00faltra visszatekint\u0151 iskol\u00e1nk az egyetlen \u00e1llami fenntart\u00e1s\u00fa int\u00e9zm\u00e9ny, melyben l\u00e1t\u00e1ss\u00e9r\u00fclt fiatalok szakk\u00e9pz\u00e9se folyik. <strong>Int\u00e9zm\u00e9ny\u00fcnk orsz\u00e1gos beiskol\u00e1z\u00e1s\u00fa:<\/strong> vak, aligl\u00e1t\u00f3 \u00e9s gyeng\u00e9nl\u00e1t\u00f3 tanul\u00f3kat egyar\u00e1nt felvesz\u00fcnk. Mozg\u00e1sszervi, \u00e9rz\u00e9kszervi, \u00e9rtelmi fogyat\u00e9kos, besz\u00e9dfogyat\u00e9kos, halmozottan fogyat\u00e9kos, autizmus spektrumzavarral \u00e9s egy\u00e9b pszich\u00e9s fejl\u0151d\u00e9si zavarral k\u00fczd\u0151k sz\u00e1m\u00e1ra is el\u00e9rhet\u0151k szakmai k\u00e9pz\u00e9seink, f\u00fcggetlen\u00fcl att\u00f3l, hogy az \u00e1ltal\u00e1nos iskol\u00e1t speci\u00e1lis iskol\u00e1ban vagy integr\u00e1lt oktat\u00e1s keretein bel\u00fcl fejezt\u00e9k be.<\/p>\n<p><\/p>\n<p>1987-ben Szil\u00e1gyi Veronika kezdem\u00e9nyez\u00e9s\u00e9re indult el a szakiskolai oktat\u00e1s, kezdetben a tanul\u00e1sban akad\u00e1lyozottak tagozat\u00e1val. 1992-ben \u00e9rtelmileg akad\u00e1lyozott, 1995-ben pedig \u00e9p \u00e9rtelm\u0171 l\u00e1t\u00e1ss\u00e9r\u00fclt fiatalok sz\u00e1m\u00e1ra is el\u00e9rhet\u0151v\u00e9 v\u00e1lt a szakiskolai k\u00e9pz\u00e9s.<\/p>\n<p><\/p>\n<p>Mindh\u00e1rom tagozaton <strong>iskolarendszer\u0171 k\u00e9pz\u00e9s folyik<\/strong>, a fiatalok \u00e1ltal\u00e1nos ismereteket tanulnak, a gyakorlati foglalkoz\u00e1sok keretein bel\u00fcl a szakmai vizsg\u00e1ra \u00e9s a munk\u00e1ra felk\u00e9sz\u00edt\u00e9s t\u00f6rt\u00e9nik.<\/p>\n<p><\/p>\n<p>A tanul\u00f3k a <strong>9. el\u0151k\u00e9sz\u00edt\u0151 oszt\u00e1lyban<\/strong> emelt \u00f3rasz\u00e1mban k\u00f6zismereti t\u00e1rgyakat saj\u00e1t\u00edtanak el, a <strong>szakmai el\u0151k\u00e9sz\u00edt\u0151 foglalkoz\u00e1sokon<\/strong> pedig megismerkednek a v\u00e1laszthat\u00f3 szakm\u00e1k elm\u00e9let\u00e9vel \u00e9s gyakorlat\u00e1val.<\/p>\n<p><\/p>\n<p>A <strong>szakk\u00e9pz\u0151 \u00e9vfolyamokon (9-12. oszt\u00e1ly)<\/strong> a tanul\u00f3k a k\u00f6zismereti t\u00e1rgyakat \u00e9s a szakmai elm\u00e9leti \u00e9s gyakorlati t\u00e1rgyakat saj\u00e1t\u00edtj\u00e1k el. A szakmai t\u00e1rgyak oktat\u00e1sa a Nemzeti Munka\u00fcgyi Hivatal Szakk\u00e9pz\u00e9si \u00e9s Feln\u0151ttk\u00e9pz\u00e9si Igazgat\u00f3s\u00e1g programmoduljai alapj\u00e1n t\u00f6rt\u00e9nik. Emellett a tanul\u00f3k k\u00fcl\u00f6nb\u00f6z\u0151 habilit\u00e1ci\u00f3s-rehabilit\u00e1ci\u00f3s foglalkoz\u00e1sokon (t\u00e1j\u00e9koz\u00f3d\u00e1s-k\u00f6zleked\u00e9s, l\u00e1t\u00e1snevel\u00e9s, \u00f6nkiszolg\u00e1l\u00e1s) is r\u00e9szt vehetnek.<\/p>\n<p><\/p>\n<p><strong>A szakiskol\u00e1nkban elsaj\u00e1t\u00edthat\u00f3 szakm\u00e1kat a felv\u00e9teli t\u00e1j\u00e9koztat\u00f3nkat ismertet\u0151 <a href=\"https:\/\/www.vakisk.hu\/?p=190\" target=\"_blank\" rel=\"noreferrer noopener\">bejegyz\u00e9s\u00fcnkben<\/a> tal\u00e1lja, vagy a r\u00e9szletes ismertet\u0151nket let\u00f6ltheti <a href=\"https:\/\/www.vakisk.hu\/wp-content\/uploads\/2020\/01\/Felv\u00e9teli_t\u00e1j\u00e9koztat\u00f3_2020-21.doc\" target=\"_blank\" rel=\"noreferrer noopener\" aria-label=\" (\u00faj f\u00fcl\u00f6n nyitja meg)\">Word<\/a>, <a href=\"https:\/\/www.vakisk.hu\/wp-content\/uploads\/2020\/01\/Felv\u00e9teli_t\u00e1j\u00e9koztat\u00f3_2020-21.odt\" target=\"_blank\" rel=\"noreferrer noopener\" aria-label=\" (\u00faj f\u00fcl\u00f6n nyitja meg)\">ODT<\/a> \u00e9s <a href=\"https:\/\/www.vakisk.hu\/wp-content\/uploads\/2020\/01\/Felv\u00e9teli_t\u00e1j\u00e9koztat\u00f3_2020-21.pdf\" target=\"_blank\" rel=\"noreferrer noopener\" aria-label=\" (\u00faj f\u00fcl\u00f6n nyitja meg)\">PDF<\/a> form\u00e1tumban.<\/strong><\/p>\n<p><\/p>\n<p><\/p>\t\t\t\t\t\t\t\t<\/div>\n\t\t\t\t<\/div>\n\t\t\t\t\t<\/div>\n\t\t<\/div>\n\t\t\t\t\t<\/div>\n\t\t<\/section>\n\t\t\t\t<section class=\"elementor-section elementor-top-section elementor-element elementor-element-9901a4c elementor-section-boxed elementor-section-height-default elementor-section-height-default\" data-id=\"9901a4c\" data-element_type=\"section\" data-e-type=\"section\">\n\t\t\t\t\t\t<div class=\"elementor-container elementor-column-gap-default\">\n\t\t\t\t\t<div class=\"elementor-column elementor-col-100 elementor-top-column elementor-element elementor-element-4416183\" data-id=\"4416183\" data-element_type=\"column\" data-e-type=\"column\">\n\t\t\t<div class=\"elementor-widget-wrap elementor-element-populated\">\n\t\t\t\t\t\t<div class=\"elementor-element elementor-element-3fddd2e elementor-widget elementor-widget-text-editor\" data-id=\"3fddd2e\" data-element_type=\"widget\" data-e-type=\"widget\" data-widget_type=\"text-editor.default\">\n\t\t\t\t<div class=\"elementor-widget-container\">\n\t\t\t\t\t\t\t\t\t<p style=\"text-align: right;\"><strong>V\u00c9GE\u00a0\u00a0 <br \/><\/strong><\/p>\t\t\t\t\t\t\t\t<\/div>\n\t\t\t\t<\/div>\n\t\t\t\t\t<\/div>\n\t\t<\/div>\n\t\t\t\t\t<\/div>\n\t\t<\/section>\n\t\t\t\t<\/div>\n\t\t","protected":false},"excerpt":{"rendered":"<p> <a class=\"continue-reading-link\" href=\"https:\/\/www.vakisk.hu\/?page_id=99\">Tov\u00e1bb <span class=\"meta-nav\">&rarr; <\/span><\/a><\/p>\n","protected":false},"author":1,"featured_media":0,"parent":0,"menu_order":0,"comment_status":"closed","ping_status":"closed","template":"","meta":{"footnotes":""},"class_list":["post-99","page","type-page","status-publish","hentry"],"_links":{"self":[{"href":"https:\/\/www.vakisk.hu\/index.php?rest_route=\/wp\/v2\/pages\/99","targetHints":{"allow":["GET"]}}],"collection":[{"href":"https:\/\/www.vakisk.hu\/index.php?rest_route=\/wp\/v2\/pages"}],"about":[{"href":"https:\/\/www.vakisk.hu\/index.php?rest_route=\/wp\/v2\/types\/page"}],"author":[{"embeddable":true,"href":"https:\/\/www.vakisk.hu\/index.php?rest_route=\/wp\/v2\/users\/1"}],"replies":[{"embeddable":true,"href":"https:\/\/www.vakisk.hu\/index.php?rest_route=%2Fwp%2Fv2%2Fcomments&post=99"}],"version-history":[{"count":0,"href":"https:\/\/www.vakisk.hu\/index.php?rest_route=\/wp\/v2\/pages\/99\/revisions"}],"wp:attachment":[{"href":"https:\/\/www.vakisk.hu\/index.php?rest_route=%2Fwp%2Fv2%2Fmedia&parent=99"}],"curies":[{"name":"wp","href":"https:\/\/api.w.org\/{rel}","templated":true}]}}